{"id":37390,"date":"2026-02-24T11:13:41","date_gmt":"2026-02-24T10:13:41","guid":{"rendered":"https:\/\/imprimeideas.es\/?post_type=product&p=37390"},"modified":"2026-02-26T18:03:10","modified_gmt":"2026-02-26T17:03:10","slug":"bolso-kanit","status":"publish","type":"product","link":"https:\/\/imprimeideas.es\/en\/product\/bolso-kanit\/","title":{"rendered":"Bolso Kanit"},"content":{"rendered":"<p>Bolso multiusos en resistente poli\u00e9ster 600D de acabado denim. De dise\u00f1o urbano, incluye bolsillo con tecnolog\u00eda de seguridad RFID (Identificaci\u00f3n por Radio Frecuencia) que mantiene seguros tus dispositivos de transmisi\u00f3n de identidad. Compartimento independiente de cierre de cremallera para el calzado y bolsillo lateral de cremallera. Compartimento principal con cierre de cremallera de doble tirador y asas de transporte reforzadas, con cierre de bot\u00f3n. Refuerzo de nylon alrededor del cuerpo y cinta bandolera ajustable.<\/p>","protected":false},"excerpt":{"rendered":"<p>Bolsillo Protector RFID. Compartimento Portazapatos<\/p>","protected":false},"featured_media":69297,"comment_status":"open","ping_status":"open","template":"","meta":{"inline_featured_image":false},"product_brand":[],"product_cat":[94,103],"product_tag":[],"class_list":{"0":"post-37390","1":"product","2":"type-product","3":"status-publish","4":"has-post-thumbnail","6":"product_cat-mochilas","7":"product_cat-viaje","9":"first","10":"instock","11":"taxable","12":"shipping-taxable","13":"purchasable","14":"product-type-variable","15":"has-default-attributes"},"aioseo_notices":[],"_links":{"self":[{"href":"https:\/\/imprimeideas.es\/en\/wp-json\/wp\/v2\/product\/37390","targetHints":{"allow":["GET"]}}],"collection":[{"href":"https:\/\/imprimeideas.es\/en\/wp-json\/wp\/v2\/product"}],"about":[{"href":"https:\/\/imprimeideas.es\/en\/wp-json\/wp\/v2\/types\/product"}],"replies":[{"embeddable":true,"href":"https:\/\/imprimeideas.es\/en\/wp-json\/wp\/v2\/comments?post=37390"}],"version-history":[{"count":1,"href":"https:\/\/imprimeideas.es\/en\/wp-json\/wp\/v2\/product\/37390\/revisions"}],"predecessor-version":[{"id":60289,"href":"https:\/\/imprimeideas.es\/en\/wp-json\/wp\/v2\/product\/37390\/revisions\/60289"}],"wp:featuredmedia":[{"embeddable":true,"href":"https:\/\/imprimeideas.es\/en\/wp-json\/wp\/v2\/media\/69297"}],"wp:attachment":[{"href":"https:\/\/imprimeideas.es\/en\/wp-json\/wp\/v2\/media?parent=37390"}],"wp:term":[{"taxonomy":"product_brand","embeddable":true,"href":"https:\/\/imprimeideas.es\/en\/wp-json\/wp\/v2\/product_brand?post=37390"},{"taxonomy":"product_cat","embeddable":true,"href":"https:\/\/imprimeideas.es\/en\/wp-json\/wp\/v2\/product_cat?post=37390"},{"taxonomy":"product_tag","embeddable":true,"href":"https:\/\/imprimeideas.es\/en\/wp-json\/wp\/v2\/product_tag?post=37390"}],"curies":[{"name":"wp","href":"https:\/\/api.w.org\/{rel}","templated":true}]}}