{"id":37370,"date":"2026-02-24T11:13:39","date_gmt":"2026-02-24T10:13:39","guid":{"rendered":"https:\/\/imprimeideas.es\/?post_type=product&p=37370"},"modified":"2026-02-26T18:27:54","modified_gmt":"2026-02-26T17:27:54","slug":"bolsa-plegable-restun","status":"publish","type":"product","link":"https:\/\/imprimeideas.es\/en\/product\/bolsa-plegable-restun\/","title":{"rendered":"Bolsa Plegable Restun"},"content":{"rendered":"<p>Bolsa plegable en suave poli\u00e9ster RPET, elaborado a partir de pl\u00e1stico reciclado, para as\u00ed fomentar la reutilizaci\u00f3n de residuos pl\u00e1sticos y ayudar a la sostenibilidad del planeta. Acabado cosido y plegado de peque\u00f1o tama\u00f1o para f\u00e1cil transporte. Con cierre de bot\u00f3n y mosquet\u00f3n de enganche. Distintivo RPET en etiqueta lateral, disponible en variada gama de colores (color blanco especialmente fabricado para impresi\u00f3n en sublimaci\u00f3n).<\/p>","protected":false},"excerpt":{"rendered":"<p>Bolsa plegable en suave poli\u00e9ster RPET, elaborado a partir de pl\u00e1stico reciclado, para as\u00ed fomentar la reutilizaci\u00f3n de residuos pl\u00e1sticos<\/p>","protected":false},"featured_media":85198,"comment_status":"open","ping_status":"open","template":"","meta":{"inline_featured_image":false},"product_brand":[],"product_cat":[122,99,115],"product_tag":[],"class_list":{"0":"post-37370","1":"product","2":"type-product","3":"status-publish","4":"has-post-thumbnail","6":"product_cat-articulos-sostenibles","7":"product_cat-bolsas","8":"product_cat-sublimacion","10":"first","11":"instock","12":"taxable","13":"shipping-taxable","14":"purchasable","15":"product-type-variable","16":"has-default-attributes"},"aioseo_notices":[],"_links":{"self":[{"href":"https:\/\/imprimeideas.es\/en\/wp-json\/wp\/v2\/product\/37370","targetHints":{"allow":["GET"]}}],"collection":[{"href":"https:\/\/imprimeideas.es\/en\/wp-json\/wp\/v2\/product"}],"about":[{"href":"https:\/\/imprimeideas.es\/en\/wp-json\/wp\/v2\/types\/product"}],"replies":[{"embeddable":true,"href":"https:\/\/imprimeideas.es\/en\/wp-json\/wp\/v2\/comments?post=37370"}],"version-history":[{"count":1,"href":"https:\/\/imprimeideas.es\/en\/wp-json\/wp\/v2\/product\/37370\/revisions"}],"predecessor-version":[{"id":60285,"href":"https:\/\/imprimeideas.es\/en\/wp-json\/wp\/v2\/product\/37370\/revisions\/60285"}],"wp:featuredmedia":[{"embeddable":true,"href":"https:\/\/imprimeideas.es\/en\/wp-json\/wp\/v2\/media\/85198"}],"wp:attachment":[{"href":"https:\/\/imprimeideas.es\/en\/wp-json\/wp\/v2\/media?parent=37370"}],"wp:term":[{"taxonomy":"product_brand","embeddable":true,"href":"https:\/\/imprimeideas.es\/en\/wp-json\/wp\/v2\/product_brand?post=37370"},{"taxonomy":"product_cat","embeddable":true,"href":"https:\/\/imprimeideas.es\/en\/wp-json\/wp\/v2\/product_cat?post=37370"},{"taxonomy":"product_tag","embeddable":true,"href":"https:\/\/imprimeideas.es\/en\/wp-json\/wp\/v2\/product_tag?post=37370"}],"curies":[{"name":"wp","href":"https:\/\/api.w.org\/{rel}","templated":true}]}}