{"id":37368,"date":"2026-02-24T11:13:39","date_gmt":"2026-02-24T10:13:39","guid":{"rendered":"https:\/\/imprimeideas.es\/?post_type=product&p=37368"},"modified":"2026-02-26T18:08:12","modified_gmt":"2026-02-26T17:08:12","slug":"gorra-zonner","status":"publish","type":"product","link":"https:\/\/imprimeideas.es\/en\/product\/gorra-zonner\/","title":{"rendered":"Gorra Zonner"},"content":{"rendered":"<p>Gorra de l\u00ednea nature. 5 paneles en algod\u00f3n org\u00e1nico de suave acabado crudo. Con cierre ajustable de velcro y orificios de ventilaci\u00f3n bordados, con distintivo en etiqueta.<\/p>","protected":false},"excerpt":{"rendered":"<p>5 Paneles. Cierre Velcro<\/p>","protected":false},"featured_media":78049,"comment_status":"open","ping_status":"open","template":"","meta":{"inline_featured_image":false},"product_brand":[],"product_cat":[122,112],"product_tag":[],"class_list":{"0":"post-37368","1":"product","2":"type-product","3":"status-publish","4":"has-post-thumbnail","6":"product_cat-articulos-sostenibles","7":"product_cat-gorras-y-sombreros","9":"first","10":"instock","11":"taxable","12":"shipping-taxable","13":"purchasable","14":"product-type-variable","15":"has-default-attributes"},"aioseo_notices":[],"_links":{"self":[{"href":"https:\/\/imprimeideas.es\/en\/wp-json\/wp\/v2\/product\/37368","targetHints":{"allow":["GET"]}}],"collection":[{"href":"https:\/\/imprimeideas.es\/en\/wp-json\/wp\/v2\/product"}],"about":[{"href":"https:\/\/imprimeideas.es\/en\/wp-json\/wp\/v2\/types\/product"}],"replies":[{"embeddable":true,"href":"https:\/\/imprimeideas.es\/en\/wp-json\/wp\/v2\/comments?post=37368"}],"version-history":[{"count":1,"href":"https:\/\/imprimeideas.es\/en\/wp-json\/wp\/v2\/product\/37368\/revisions"}],"predecessor-version":[{"id":60284,"href":"https:\/\/imprimeideas.es\/en\/wp-json\/wp\/v2\/product\/37368\/revisions\/60284"}],"wp:featuredmedia":[{"embeddable":true,"href":"https:\/\/imprimeideas.es\/en\/wp-json\/wp\/v2\/media\/78049"}],"wp:attachment":[{"href":"https:\/\/imprimeideas.es\/en\/wp-json\/wp\/v2\/media?parent=37368"}],"wp:term":[{"taxonomy":"product_brand","embeddable":true,"href":"https:\/\/imprimeideas.es\/en\/wp-json\/wp\/v2\/product_brand?post=37368"},{"taxonomy":"product_cat","embeddable":true,"href":"https:\/\/imprimeideas.es\/en\/wp-json\/wp\/v2\/product_cat?post=37368"},{"taxonomy":"product_tag","embeddable":true,"href":"https:\/\/imprimeideas.es\/en\/wp-json\/wp\/v2\/product_tag?post=37368"}],"curies":[{"name":"wp","href":"https:\/\/api.w.org\/{rel}","templated":true}]}}