{"id":37361,"date":"2026-02-24T11:13:38","date_gmt":"2026-02-24T10:13:38","guid":{"rendered":"https:\/\/imprimeideas.es\/?post_type=product&p=37361"},"modified":"2026-02-26T18:37:37","modified_gmt":"2026-02-26T17:37:37","slug":"gorra-keinfax","status":"publish","type":"product","link":"https:\/\/imprimeideas.es\/en\/product\/gorra-keinfax\/","title":{"rendered":"Gorra Keinfax"},"content":{"rendered":"<p>Gorra de l\u00ednea nature. 5 paneles en material RPET de suave acabado, elaborado a partir de pl\u00e1stico reciclado, para as\u00ed fomentar la reutilizaci\u00f3n de residuos pl\u00e1sticos y ayudar a la sostenibilidad del planeta. Con cierre ajustable de velcro y orificios de ventilaci\u00f3n bordados, Disponible en variada gama de colores (color blanco especialmente fabricado para impresi\u00f3n en sublimaci\u00f3n). Distintivo RPET en etiqueta.<\/p>","protected":false},"excerpt":{"rendered":"<p>5 Paneles. Cierre Velcro<\/p>","protected":false},"featured_media":70471,"comment_status":"open","ping_status":"open","template":"","meta":{"inline_featured_image":false},"product_brand":[],"product_cat":[122,112,115],"product_tag":[],"class_list":{"0":"post-37361","1":"product","2":"type-product","3":"status-publish","4":"has-post-thumbnail","6":"product_cat-articulos-sostenibles","7":"product_cat-gorras-y-sombreros","8":"product_cat-sublimacion","10":"first","11":"instock","12":"taxable","13":"shipping-taxable","14":"purchasable","15":"product-type-variable","16":"has-default-attributes"},"aioseo_notices":[],"_links":{"self":[{"href":"https:\/\/imprimeideas.es\/en\/wp-json\/wp\/v2\/product\/37361","targetHints":{"allow":["GET"]}}],"collection":[{"href":"https:\/\/imprimeideas.es\/en\/wp-json\/wp\/v2\/product"}],"about":[{"href":"https:\/\/imprimeideas.es\/en\/wp-json\/wp\/v2\/types\/product"}],"replies":[{"embeddable":true,"href":"https:\/\/imprimeideas.es\/en\/wp-json\/wp\/v2\/comments?post=37361"}],"version-history":[{"count":1,"href":"https:\/\/imprimeideas.es\/en\/wp-json\/wp\/v2\/product\/37361\/revisions"}],"predecessor-version":[{"id":60283,"href":"https:\/\/imprimeideas.es\/en\/wp-json\/wp\/v2\/product\/37361\/revisions\/60283"}],"wp:featuredmedia":[{"embeddable":true,"href":"https:\/\/imprimeideas.es\/en\/wp-json\/wp\/v2\/media\/70471"}],"wp:attachment":[{"href":"https:\/\/imprimeideas.es\/en\/wp-json\/wp\/v2\/media?parent=37361"}],"wp:term":[{"taxonomy":"product_brand","embeddable":true,"href":"https:\/\/imprimeideas.es\/en\/wp-json\/wp\/v2\/product_brand?post=37361"},{"taxonomy":"product_cat","embeddable":true,"href":"https:\/\/imprimeideas.es\/en\/wp-json\/wp\/v2\/product_cat?post=37361"},{"taxonomy":"product_tag","embeddable":true,"href":"https:\/\/imprimeideas.es\/en\/wp-json\/wp\/v2\/product_tag?post=37361"}],"curies":[{"name":"wp","href":"https:\/\/api.w.org\/{rel}","templated":true}]}}