{"id":37346,"date":"2026-02-24T11:13:37","date_gmt":"2026-02-24T10:13:37","guid":{"rendered":"https:\/\/imprimeideas.es\/?post_type=product&p=37346"},"modified":"2026-02-26T18:32:51","modified_gmt":"2026-02-26T17:32:51","slug":"lanyard-kunel","status":"publish","type":"product","link":"https:\/\/imprimeideas.es\/en\/product\/lanyard-kunel\/","title":{"rendered":"Lanyard Kunel"},"content":{"rendered":"<p>Lanyard en resistente poli\u00e9ster con hebilla multifunci\u00f3n y gancho met\u00e1lico. Disponible en variada gama de colores.<\/p>","protected":false},"excerpt":{"rendered":"<p>Lanyard en resistente poli\u00e9ster con hebilla multifunci\u00f3n y gancho met\u00e1lico. Disponible en variada gama de colores.<\/p>","protected":false},"featured_media":75904,"comment_status":"open","ping_status":"open","template":"","meta":{"inline_featured_image":false},"product_brand":[],"product_cat":[113,96],"product_tag":[],"class_list":{"0":"post-37346","1":"product","2":"type-product","3":"status-publish","4":"has-post-thumbnail","6":"product_cat-eventos-y-fiesta","7":"product_cat-oficina-y-negocios","9":"first","10":"instock","11":"taxable","12":"shipping-taxable","13":"purchasable","14":"product-type-variable","15":"has-default-attributes"},"aioseo_notices":[],"_links":{"self":[{"href":"https:\/\/imprimeideas.es\/en\/wp-json\/wp\/v2\/product\/37346","targetHints":{"allow":["GET"]}}],"collection":[{"href":"https:\/\/imprimeideas.es\/en\/wp-json\/wp\/v2\/product"}],"about":[{"href":"https:\/\/imprimeideas.es\/en\/wp-json\/wp\/v2\/types\/product"}],"replies":[{"embeddable":true,"href":"https:\/\/imprimeideas.es\/en\/wp-json\/wp\/v2\/comments?post=37346"}],"version-history":[{"count":1,"href":"https:\/\/imprimeideas.es\/en\/wp-json\/wp\/v2\/product\/37346\/revisions"}],"predecessor-version":[{"id":60279,"href":"https:\/\/imprimeideas.es\/en\/wp-json\/wp\/v2\/product\/37346\/revisions\/60279"}],"wp:featuredmedia":[{"embeddable":true,"href":"https:\/\/imprimeideas.es\/en\/wp-json\/wp\/v2\/media\/75904"}],"wp:attachment":[{"href":"https:\/\/imprimeideas.es\/en\/wp-json\/wp\/v2\/media?parent=37346"}],"wp:term":[{"taxonomy":"product_brand","embeddable":true,"href":"https:\/\/imprimeideas.es\/en\/wp-json\/wp\/v2\/product_brand?post=37346"},{"taxonomy":"product_cat","embeddable":true,"href":"https:\/\/imprimeideas.es\/en\/wp-json\/wp\/v2\/product_cat?post=37346"},{"taxonomy":"product_tag","embeddable":true,"href":"https:\/\/imprimeideas.es\/en\/wp-json\/wp\/v2\/product_tag?post=37346"}],"curies":[{"name":"wp","href":"https:\/\/api.w.org\/{rel}","templated":true}]}}