{"id":37337,"date":"2026-02-24T11:13:36","date_gmt":"2026-02-24T10:13:36","guid":{"rendered":"https:\/\/imprimeideas.es\/?post_type=product&p=37337"},"modified":"2026-02-25T20:07:07","modified_gmt":"2026-02-25T19:07:07","slug":"paraguas-korlet","status":"publish","type":"product","link":"https:\/\/imprimeideas.es\/en\/product\/paraguas-korlet\/","title":{"rendered":"Paraguas Korlet"},"content":{"rendered":"<p>Paraguas de 8 paneles en nylon 190T, de 105 cm de di\u00e1metro. Apertura autom\u00e1tica, con varillas met\u00e1licas en color cromado y mango de madera. Disponible en variada gama de colores planos o combinaciones con blanco.<\/p>","protected":false},"excerpt":{"rendered":"<p>23&#8243;. Autom\u00e1tico. Mango Madera<\/p>","protected":false},"featured_media":75346,"comment_status":"open","ping_status":"open","template":"","meta":{"inline_featured_image":false},"product_brand":[],"product_cat":[118],"product_tag":[],"class_list":{"0":"post-37337","1":"product","2":"type-product","3":"status-publish","4":"has-post-thumbnail","6":"product_cat-lluvia-y-frio","8":"first","9":"outofstock","10":"taxable","11":"shipping-taxable","12":"purchasable","13":"product-type-variable","14":"has-default-attributes"},"aioseo_notices":[],"_links":{"self":[{"href":"https:\/\/imprimeideas.es\/en\/wp-json\/wp\/v2\/product\/37337","targetHints":{"allow":["GET"]}}],"collection":[{"href":"https:\/\/imprimeideas.es\/en\/wp-json\/wp\/v2\/product"}],"about":[{"href":"https:\/\/imprimeideas.es\/en\/wp-json\/wp\/v2\/types\/product"}],"replies":[{"embeddable":true,"href":"https:\/\/imprimeideas.es\/en\/wp-json\/wp\/v2\/comments?post=37337"}],"version-history":[{"count":1,"href":"https:\/\/imprimeideas.es\/en\/wp-json\/wp\/v2\/product\/37337\/revisions"}],"predecessor-version":[{"id":60278,"href":"https:\/\/imprimeideas.es\/en\/wp-json\/wp\/v2\/product\/37337\/revisions\/60278"}],"wp:featuredmedia":[{"embeddable":true,"href":"https:\/\/imprimeideas.es\/en\/wp-json\/wp\/v2\/media\/75346"}],"wp:attachment":[{"href":"https:\/\/imprimeideas.es\/en\/wp-json\/wp\/v2\/media?parent=37337"}],"wp:term":[{"taxonomy":"product_brand","embeddable":true,"href":"https:\/\/imprimeideas.es\/en\/wp-json\/wp\/v2\/product_brand?post=37337"},{"taxonomy":"product_cat","embeddable":true,"href":"https:\/\/imprimeideas.es\/en\/wp-json\/wp\/v2\/product_cat?post=37337"},{"taxonomy":"product_tag","embeddable":true,"href":"https:\/\/imprimeideas.es\/en\/wp-json\/wp\/v2\/product_tag?post=37337"}],"curies":[{"name":"wp","href":"https:\/\/api.w.org\/{rel}","templated":true}]}}