{"id":37330,"date":"2026-02-24T11:13:36","date_gmt":"2026-02-24T10:13:36","guid":{"rendered":"https:\/\/imprimeideas.es\/?post_type=product&p=37330"},"modified":"2026-02-26T18:13:56","modified_gmt":"2026-02-26T17:13:56","slug":"altavoz-kafin","status":"publish","type":"product","link":"https:\/\/imprimeideas.es\/en\/product\/altavoz-kafin\/","title":{"rendered":"Altavoz Kafin"},"content":{"rendered":"<p>Altavoz de conexi\u00f3n Bluetooth 5.0 de dise\u00f1o bicolor, con rejilla de poli\u00e9ster y asa de transporte a juego en silicona. Ofrece 3W de potencia, tiene funci\u00f3n de manos libres y funci\u00f3n radio FM. Reproducci\u00f3n mediante USB, ranura para tarjetas micro SD de hasta 32GB de capacidad y entrada auxiliar de l\u00ednea mediante conexi\u00f3n jack de 3,5mm, con base antideslizante. Compatible con iOS y Android, incluye cable de carga micro USB y adem\u00e1s est\u00e1 disponible en una extensa gama de colores. Presentado en atractiva caja de dise\u00f1o.<\/p>","protected":false},"excerpt":{"rendered":"<p>Conexi\u00f3n Bluetooth. Potencia Sonido 3W. Bater\u00eda 400 mAh<\/p>","protected":false},"featured_media":37801,"comment_status":"open","ping_status":"open","template":"","meta":{"inline_featured_image":false},"product_brand":[],"product_cat":[95],"product_tag":[],"class_list":{"0":"post-37330","1":"product","2":"type-product","3":"status-publish","4":"has-post-thumbnail","6":"product_cat-tecnologia-y-accesorios","8":"first","9":"instock","10":"taxable","11":"shipping-taxable","12":"purchasable","13":"product-type-variable","14":"has-default-attributes"},"aioseo_notices":[],"_links":{"self":[{"href":"https:\/\/imprimeideas.es\/en\/wp-json\/wp\/v2\/product\/37330","targetHints":{"allow":["GET"]}}],"collection":[{"href":"https:\/\/imprimeideas.es\/en\/wp-json\/wp\/v2\/product"}],"about":[{"href":"https:\/\/imprimeideas.es\/en\/wp-json\/wp\/v2\/types\/product"}],"replies":[{"embeddable":true,"href":"https:\/\/imprimeideas.es\/en\/wp-json\/wp\/v2\/comments?post=37330"}],"version-history":[{"count":1,"href":"https:\/\/imprimeideas.es\/en\/wp-json\/wp\/v2\/product\/37330\/revisions"}],"predecessor-version":[{"id":60277,"href":"https:\/\/imprimeideas.es\/en\/wp-json\/wp\/v2\/product\/37330\/revisions\/60277"}],"wp:featuredmedia":[{"embeddable":true,"href":"https:\/\/imprimeideas.es\/en\/wp-json\/wp\/v2\/media\/37801"}],"wp:attachment":[{"href":"https:\/\/imprimeideas.es\/en\/wp-json\/wp\/v2\/media?parent=37330"}],"wp:term":[{"taxonomy":"product_brand","embeddable":true,"href":"https:\/\/imprimeideas.es\/en\/wp-json\/wp\/v2\/product_brand?post=37330"},{"taxonomy":"product_cat","embeddable":true,"href":"https:\/\/imprimeideas.es\/en\/wp-json\/wp\/v2\/product_cat?post=37330"},{"taxonomy":"product_tag","embeddable":true,"href":"https:\/\/imprimeideas.es\/en\/wp-json\/wp\/v2\/product_tag?post=37330"}],"curies":[{"name":"wp","href":"https:\/\/api.w.org\/{rel}","templated":true}]}}