{"id":37320,"date":"2026-02-24T11:13:35","date_gmt":"2026-02-24T10:13:35","guid":{"rendered":"https:\/\/imprimeideas.es\/?post_type=product&p=37320"},"modified":"2026-02-26T18:13:42","modified_gmt":"2026-02-26T17:13:42","slug":"flexometro-grade-75m","status":"publish","type":"product","link":"https:\/\/imprimeideas.es\/en\/product\/flexometro-grade-75m\/","title":{"rendered":"Flex\u00f3metro Grade 7,5m"},"content":{"rendered":"<p>Flex\u00f3metro de 7,5 metros con cuchilla met\u00e1lica y mecanismo de bloqueo. Con cuerpo de suave acabado en variados colores, recubierto con funda protectora en resistente goma, clip met\u00e1lico para cintur\u00f3n y cinta de transporte. Con troquelado especial para marcaje en doming\/gota de resina y presentado en caja individual.<\/p>","protected":false},"excerpt":{"rendered":"<p>Con Freno y Clip Incluido<\/p>","protected":false},"featured_media":74191,"comment_status":"open","ping_status":"open","template":"","meta":{"inline_featured_image":false},"product_brand":[],"product_cat":[110],"product_tag":[],"class_list":{"0":"post-37320","1":"product","2":"type-product","3":"status-publish","4":"has-post-thumbnail","6":"product_cat-herramientas-brico-y-automovil","8":"first","9":"instock","10":"taxable","11":"shipping-taxable","12":"purchasable","13":"product-type-variable","14":"has-default-attributes"},"aioseo_notices":[],"_links":{"self":[{"href":"https:\/\/imprimeideas.es\/en\/wp-json\/wp\/v2\/product\/37320","targetHints":{"allow":["GET"]}}],"collection":[{"href":"https:\/\/imprimeideas.es\/en\/wp-json\/wp\/v2\/product"}],"about":[{"href":"https:\/\/imprimeideas.es\/en\/wp-json\/wp\/v2\/types\/product"}],"replies":[{"embeddable":true,"href":"https:\/\/imprimeideas.es\/en\/wp-json\/wp\/v2\/comments?post=37320"}],"version-history":[{"count":1,"href":"https:\/\/imprimeideas.es\/en\/wp-json\/wp\/v2\/product\/37320\/revisions"}],"predecessor-version":[{"id":60275,"href":"https:\/\/imprimeideas.es\/en\/wp-json\/wp\/v2\/product\/37320\/revisions\/60275"}],"wp:featuredmedia":[{"embeddable":true,"href":"https:\/\/imprimeideas.es\/en\/wp-json\/wp\/v2\/media\/74191"}],"wp:attachment":[{"href":"https:\/\/imprimeideas.es\/en\/wp-json\/wp\/v2\/media?parent=37320"}],"wp:term":[{"taxonomy":"product_brand","embeddable":true,"href":"https:\/\/imprimeideas.es\/en\/wp-json\/wp\/v2\/product_brand?post=37320"},{"taxonomy":"product_cat","embeddable":true,"href":"https:\/\/imprimeideas.es\/en\/wp-json\/wp\/v2\/product_cat?post=37320"},{"taxonomy":"product_tag","embeddable":true,"href":"https:\/\/imprimeideas.es\/en\/wp-json\/wp\/v2\/product_tag?post=37320"}],"curies":[{"name":"wp","href":"https:\/\/api.w.org\/{rel}","templated":true}]}}