{"id":37281,"date":"2026-02-24T11:13:31","date_gmt":"2026-02-24T10:13:31","guid":{"rendered":"https:\/\/imprimeideas.es\/?post_type=product&p=37281"},"modified":"2026-02-26T18:45:07","modified_gmt":"2026-02-26T17:45:07","slug":"libreta-polnar","status":"publish","type":"product","link":"https:\/\/imprimeideas.es\/en\/product\/libreta-polnar\/","title":{"rendered":"Libreta Polnar"},"content":{"rendered":"<p>Set de libreta y bol\u00edgrafo de l\u00ednea nature. Libreta de anillas con tapas r\u00edgidas en bamb\u00fa, con soporte para el bol\u00edgrafo. De 80 hojas con dise\u00f1o eco y disposici\u00f3n a una raya. Bol\u00edgrafo de mecanismo pulsador, con cuerpo de bamb\u00fa y tinta negra.<\/p>","protected":false},"excerpt":{"rendered":"<p>Portada R\u00edgida. 80 Hojas. Bol\u00edgrafo Bamb\u00fa Incluido. Tinta Negra<\/p>","protected":false},"featured_media":85810,"comment_status":"open","ping_status":"open","template":"","meta":{"inline_featured_image":false},"product_brand":[],"product_cat":[122,96],"product_tag":[],"class_list":{"0":"post-37281","1":"product","2":"type-product","3":"status-publish","4":"has-post-thumbnail","6":"product_cat-articulos-sostenibles","7":"product_cat-oficina-y-negocios","9":"first","10":"instock","11":"taxable","12":"shipping-taxable","13":"purchasable","14":"product-type-variable","15":"has-default-attributes"},"aioseo_notices":[],"_links":{"self":[{"href":"https:\/\/imprimeideas.es\/en\/wp-json\/wp\/v2\/product\/37281","targetHints":{"allow":["GET"]}}],"collection":[{"href":"https:\/\/imprimeideas.es\/en\/wp-json\/wp\/v2\/product"}],"about":[{"href":"https:\/\/imprimeideas.es\/en\/wp-json\/wp\/v2\/types\/product"}],"replies":[{"embeddable":true,"href":"https:\/\/imprimeideas.es\/en\/wp-json\/wp\/v2\/comments?post=37281"}],"version-history":[{"count":1,"href":"https:\/\/imprimeideas.es\/en\/wp-json\/wp\/v2\/product\/37281\/revisions"}],"predecessor-version":[{"id":60266,"href":"https:\/\/imprimeideas.es\/en\/wp-json\/wp\/v2\/product\/37281\/revisions\/60266"}],"wp:featuredmedia":[{"embeddable":true,"href":"https:\/\/imprimeideas.es\/en\/wp-json\/wp\/v2\/media\/85810"}],"wp:attachment":[{"href":"https:\/\/imprimeideas.es\/en\/wp-json\/wp\/v2\/media?parent=37281"}],"wp:term":[{"taxonomy":"product_brand","embeddable":true,"href":"https:\/\/imprimeideas.es\/en\/wp-json\/wp\/v2\/product_brand?post=37281"},{"taxonomy":"product_cat","embeddable":true,"href":"https:\/\/imprimeideas.es\/en\/wp-json\/wp\/v2\/product_cat?post=37281"},{"taxonomy":"product_tag","embeddable":true,"href":"https:\/\/imprimeideas.es\/en\/wp-json\/wp\/v2\/product_tag?post=37281"}],"curies":[{"name":"wp","href":"https:\/\/api.w.org\/{rel}","templated":true}]}}