{"id":37270,"date":"2026-02-24T11:13:31","date_gmt":"2026-02-24T10:13:31","guid":{"rendered":"https:\/\/imprimeideas.es\/?post_type=product&p=37270"},"modified":"2026-02-26T18:28:08","modified_gmt":"2026-02-26T17:28:08","slug":"set-hecan","status":"publish","type":"product","link":"https:\/\/imprimeideas.es\/en\/product\/set-hecan\/","title":{"rendered":"Set Hecan"},"content":{"rendered":"<p>Set de libreta y bol\u00edgrafo en l\u00ednea nature. Incluye libreta de anillas con tapas r\u00edgidas en bamb\u00fa, con 80 hojas de disposici\u00f3n a una raya y dise\u00f1o eco. Bol\u00edgrafo de mecanismo pulsador, con cuerpo en bamb\u00fa y accesorios met\u00e1licos -cartucho jumbo y tinta negra-. Presentado en estuche de cart\u00f3n troquelado y dise\u00f1o eco.<\/p>","protected":false},"excerpt":{"rendered":"<p>Libreta Portada R\u00edgida. 80 Hojas. Bol\u00edgrafo Carga Jumbo. Tinta Negra<\/p>","protected":false},"featured_media":76332,"comment_status":"open","ping_status":"open","template":"","meta":{"inline_featured_image":false},"product_brand":[],"product_cat":[122,96],"product_tag":[],"class_list":{"0":"post-37270","1":"product","2":"type-product","3":"status-publish","4":"has-post-thumbnail","6":"product_cat-articulos-sostenibles","7":"product_cat-oficina-y-negocios","9":"first","10":"instock","11":"taxable","12":"shipping-taxable","13":"purchasable","14":"product-type-variable","15":"has-default-attributes"},"aioseo_notices":[],"_links":{"self":[{"href":"https:\/\/imprimeideas.es\/en\/wp-json\/wp\/v2\/product\/37270","targetHints":{"allow":["GET"]}}],"collection":[{"href":"https:\/\/imprimeideas.es\/en\/wp-json\/wp\/v2\/product"}],"about":[{"href":"https:\/\/imprimeideas.es\/en\/wp-json\/wp\/v2\/types\/product"}],"replies":[{"embeddable":true,"href":"https:\/\/imprimeideas.es\/en\/wp-json\/wp\/v2\/comments?post=37270"}],"version-history":[{"count":1,"href":"https:\/\/imprimeideas.es\/en\/wp-json\/wp\/v2\/product\/37270\/revisions"}],"predecessor-version":[{"id":60262,"href":"https:\/\/imprimeideas.es\/en\/wp-json\/wp\/v2\/product\/37270\/revisions\/60262"}],"wp:featuredmedia":[{"embeddable":true,"href":"https:\/\/imprimeideas.es\/en\/wp-json\/wp\/v2\/media\/76332"}],"wp:attachment":[{"href":"https:\/\/imprimeideas.es\/en\/wp-json\/wp\/v2\/media?parent=37270"}],"wp:term":[{"taxonomy":"product_brand","embeddable":true,"href":"https:\/\/imprimeideas.es\/en\/wp-json\/wp\/v2\/product_brand?post=37270"},{"taxonomy":"product_cat","embeddable":true,"href":"https:\/\/imprimeideas.es\/en\/wp-json\/wp\/v2\/product_cat?post=37270"},{"taxonomy":"product_tag","embeddable":true,"href":"https:\/\/imprimeideas.es\/en\/wp-json\/wp\/v2\/product_tag?post=37270"}],"curies":[{"name":"wp","href":"https:\/\/api.w.org\/{rel}","templated":true}]}}