{"id":37268,"date":"2026-02-24T11:13:30","date_gmt":"2026-02-24T10:13:30","guid":{"rendered":"https:\/\/imprimeideas.es\/?post_type=product&p=37268"},"modified":"2026-02-26T18:19:26","modified_gmt":"2026-02-26T17:19:26","slug":"set-minsor","status":"publish","type":"product","link":"https:\/\/imprimeideas.es\/en\/product\/set-minsor\/","title":{"rendered":"Set Minsor"},"content":{"rendered":"<p>Set de bloc de notas y bol\u00edgrafo en l\u00ednea nature. Incluye bloc de notas con tapas r\u00edgidas en corcho natural, con 80 hojas lisas. Bol\u00edgrafo de mecanismo pulsador, con cuerpo en corcho natural y accesorios en ca\u00f1a de trigo, para as\u00ed fomentar la utilizaci\u00f3n de materias primas naturales y reducir las emisiones contaminantes. Presentado en estuche de cart\u00f3n troquelado y dise\u00f1o eco. Tinta negra.<\/p>","protected":false},"excerpt":{"rendered":"<p>Portada R\u00edgida. 80 Hojas. Bol\u00edgrafo Corcho\/ Ca\u00f1a de Trigo\/ ABS. Tinta Negra<\/p>","protected":false},"featured_media":68728,"comment_status":"open","ping_status":"open","template":"","meta":{"inline_featured_image":false},"product_brand":[],"product_cat":[122,96],"product_tag":[],"class_list":{"0":"post-37268","1":"product","2":"type-product","3":"status-publish","4":"has-post-thumbnail","6":"product_cat-articulos-sostenibles","7":"product_cat-oficina-y-negocios","9":"first","10":"instock","11":"taxable","12":"shipping-taxable","13":"purchasable","14":"product-type-variable","15":"has-default-attributes"},"aioseo_notices":[],"_links":{"self":[{"href":"https:\/\/imprimeideas.es\/en\/wp-json\/wp\/v2\/product\/37268","targetHints":{"allow":["GET"]}}],"collection":[{"href":"https:\/\/imprimeideas.es\/en\/wp-json\/wp\/v2\/product"}],"about":[{"href":"https:\/\/imprimeideas.es\/en\/wp-json\/wp\/v2\/types\/product"}],"replies":[{"embeddable":true,"href":"https:\/\/imprimeideas.es\/en\/wp-json\/wp\/v2\/comments?post=37268"}],"version-history":[{"count":1,"href":"https:\/\/imprimeideas.es\/en\/wp-json\/wp\/v2\/product\/37268\/revisions"}],"predecessor-version":[{"id":60261,"href":"https:\/\/imprimeideas.es\/en\/wp-json\/wp\/v2\/product\/37268\/revisions\/60261"}],"wp:featuredmedia":[{"embeddable":true,"href":"https:\/\/imprimeideas.es\/en\/wp-json\/wp\/v2\/media\/68728"}],"wp:attachment":[{"href":"https:\/\/imprimeideas.es\/en\/wp-json\/wp\/v2\/media?parent=37268"}],"wp:term":[{"taxonomy":"product_brand","embeddable":true,"href":"https:\/\/imprimeideas.es\/en\/wp-json\/wp\/v2\/product_brand?post=37268"},{"taxonomy":"product_cat","embeddable":true,"href":"https:\/\/imprimeideas.es\/en\/wp-json\/wp\/v2\/product_cat?post=37268"},{"taxonomy":"product_tag","embeddable":true,"href":"https:\/\/imprimeideas.es\/en\/wp-json\/wp\/v2\/product_tag?post=37268"}],"curies":[{"name":"wp","href":"https:\/\/api.w.org\/{rel}","templated":true}]}}