{"id":37241,"date":"2026-02-24T11:13:28","date_gmt":"2026-02-24T10:13:28","guid":{"rendered":"https:\/\/imprimeideas.es\/?post_type=product&p=37241"},"modified":"2026-02-26T18:03:09","modified_gmt":"2026-02-26T17:03:09","slug":"bolsa-plegable-nepax","status":"publish","type":"product","link":"https:\/\/imprimeideas.es\/en\/product\/bolsa-plegable-nepax\/","title":{"rendered":"Bolsa Plegable Nepax"},"content":{"rendered":"<p>Bolsa plegable de l\u00ednea nature en material 100% algod\u00f3n org\u00e1nico natural de 120 g\/m2. Asas largas de 70cm con refuerzo y de acabado cosido. Distintivo organic en etiqueta lateral y resistencia hasta 9 kg de peso. Plegado de peque\u00f1o tama\u00f1o para f\u00e1cil transporte.<\/p>","protected":false},"excerpt":{"rendered":"<p>Bolsa plegable de l\u00ednea nature en material 100% algod\u00f3n org\u00e1nico natural de 120 g\/m2. Asas largas de 70cm con refuerzo<\/p>","protected":false},"featured_media":79536,"comment_status":"open","ping_status":"open","template":"","meta":{"inline_featured_image":false},"product_brand":[],"product_cat":[122,99],"product_tag":[],"class_list":{"0":"post-37241","1":"product","2":"type-product","3":"status-publish","4":"has-post-thumbnail","6":"product_cat-articulos-sostenibles","7":"product_cat-bolsas","9":"first","10":"instock","11":"taxable","12":"shipping-taxable","13":"purchasable","14":"product-type-variable","15":"has-default-attributes"},"aioseo_notices":[],"_links":{"self":[{"href":"https:\/\/imprimeideas.es\/en\/wp-json\/wp\/v2\/product\/37241","targetHints":{"allow":["GET"]}}],"collection":[{"href":"https:\/\/imprimeideas.es\/en\/wp-json\/wp\/v2\/product"}],"about":[{"href":"https:\/\/imprimeideas.es\/en\/wp-json\/wp\/v2\/types\/product"}],"replies":[{"embeddable":true,"href":"https:\/\/imprimeideas.es\/en\/wp-json\/wp\/v2\/comments?post=37241"}],"version-history":[{"count":1,"href":"https:\/\/imprimeideas.es\/en\/wp-json\/wp\/v2\/product\/37241\/revisions"}],"predecessor-version":[{"id":60257,"href":"https:\/\/imprimeideas.es\/en\/wp-json\/wp\/v2\/product\/37241\/revisions\/60257"}],"wp:featuredmedia":[{"embeddable":true,"href":"https:\/\/imprimeideas.es\/en\/wp-json\/wp\/v2\/media\/79536"}],"wp:attachment":[{"href":"https:\/\/imprimeideas.es\/en\/wp-json\/wp\/v2\/media?parent=37241"}],"wp:term":[{"taxonomy":"product_brand","embeddable":true,"href":"https:\/\/imprimeideas.es\/en\/wp-json\/wp\/v2\/product_brand?post=37241"},{"taxonomy":"product_cat","embeddable":true,"href":"https:\/\/imprimeideas.es\/en\/wp-json\/wp\/v2\/product_cat?post=37241"},{"taxonomy":"product_tag","embeddable":true,"href":"https:\/\/imprimeideas.es\/en\/wp-json\/wp\/v2\/product_tag?post=37241"}],"curies":[{"name":"wp","href":"https:\/\/api.w.org\/{rel}","templated":true}]}}