{"id":37237,"date":"2026-02-24T11:13:28","date_gmt":"2026-02-24T10:13:28","guid":{"rendered":"https:\/\/imprimeideas.es\/?post_type=product&p=37237"},"modified":"2026-02-26T18:42:34","modified_gmt":"2026-02-26T17:42:34","slug":"bolsa-missam","status":"publish","type":"product","link":"https:\/\/imprimeideas.es\/en\/product\/bolsa-missam\/","title":{"rendered":"Bolsa Missam"},"content":{"rendered":"<p>Bolsa de l\u00ednea nature en material 100% algod\u00f3n org\u00e1nico natural de 120 g\/m2. Asas largas de 70cm con refuerzo y de acabado cosido. Distintivo organic en etiqueta lateral y resistencia hasta 8 kg de peso.<\/p>","protected":false},"excerpt":{"rendered":"<p>Bolsa de l\u00ednea nature en material 100% algod\u00f3n org\u00e1nico natural de 120 g\/m2. Asas largas de 70cm con refuerzo y<\/p>","protected":false},"featured_media":71783,"comment_status":"open","ping_status":"open","template":"","meta":{"inline_featured_image":false},"product_brand":[],"product_cat":[122,99],"product_tag":[],"class_list":{"0":"post-37237","1":"product","2":"type-product","3":"status-publish","4":"has-post-thumbnail","6":"product_cat-articulos-sostenibles","7":"product_cat-bolsas","9":"first","10":"instock","11":"taxable","12":"shipping-taxable","13":"purchasable","14":"product-type-variable","15":"has-default-attributes"},"aioseo_notices":[],"_links":{"self":[{"href":"https:\/\/imprimeideas.es\/en\/wp-json\/wp\/v2\/product\/37237","targetHints":{"allow":["GET"]}}],"collection":[{"href":"https:\/\/imprimeideas.es\/en\/wp-json\/wp\/v2\/product"}],"about":[{"href":"https:\/\/imprimeideas.es\/en\/wp-json\/wp\/v2\/types\/product"}],"replies":[{"embeddable":true,"href":"https:\/\/imprimeideas.es\/en\/wp-json\/wp\/v2\/comments?post=37237"}],"version-history":[{"count":1,"href":"https:\/\/imprimeideas.es\/en\/wp-json\/wp\/v2\/product\/37237\/revisions"}],"predecessor-version":[{"id":60255,"href":"https:\/\/imprimeideas.es\/en\/wp-json\/wp\/v2\/product\/37237\/revisions\/60255"}],"wp:featuredmedia":[{"embeddable":true,"href":"https:\/\/imprimeideas.es\/en\/wp-json\/wp\/v2\/media\/71783"}],"wp:attachment":[{"href":"https:\/\/imprimeideas.es\/en\/wp-json\/wp\/v2\/media?parent=37237"}],"wp:term":[{"taxonomy":"product_brand","embeddable":true,"href":"https:\/\/imprimeideas.es\/en\/wp-json\/wp\/v2\/product_brand?post=37237"},{"taxonomy":"product_cat","embeddable":true,"href":"https:\/\/imprimeideas.es\/en\/wp-json\/wp\/v2\/product_cat?post=37237"},{"taxonomy":"product_tag","embeddable":true,"href":"https:\/\/imprimeideas.es\/en\/wp-json\/wp\/v2\/product_tag?post=37237"}],"curies":[{"name":"wp","href":"https:\/\/api.w.org\/{rel}","templated":true}]}}