{"id":37235,"date":"2026-02-24T11:13:27","date_gmt":"2026-02-24T10:13:27","guid":{"rendered":"https:\/\/imprimeideas.es\/?post_type=product&p=37235"},"modified":"2026-02-26T18:32:48","modified_gmt":"2026-02-26T17:32:48","slug":"bolsa-bitalex","status":"publish","type":"product","link":"https:\/\/imprimeideas.es\/en\/product\/bolsa-bitalex\/","title":{"rendered":"Bolsa Bitalex"},"content":{"rendered":"<p>Bolsa de l\u00ednea nature, en combinaci\u00f3n de materiales yute y algod\u00f3n. Tama\u00f1o 48 x 35 + 15 cm, de acabado cosido y con asas largas reforzadas de 90 cm en algod\u00f3n. Resistencia de hasta 9 kg de peso.<\/p>","protected":false},"excerpt":{"rendered":"<p>Bolsa de l\u00ednea nature, en combinaci\u00f3n de materiales yute y algod\u00f3n. Tama\u00f1o 48 x 35 + 15 cm, de acabado<\/p>","protected":false},"featured_media":82713,"comment_status":"open","ping_status":"open","template":"","meta":{"inline_featured_image":false},"product_brand":[],"product_cat":[122,99,114],"product_tag":[],"class_list":{"0":"post-37235","1":"product","2":"type-product","3":"status-publish","4":"has-post-thumbnail","6":"product_cat-articulos-sostenibles","7":"product_cat-bolsas","8":"product_cat-verano-y-playa","10":"first","11":"instock","12":"taxable","13":"shipping-taxable","14":"purchasable","15":"product-type-variable","16":"has-default-attributes"},"aioseo_notices":[],"_links":{"self":[{"href":"https:\/\/imprimeideas.es\/en\/wp-json\/wp\/v2\/product\/37235","targetHints":{"allow":["GET"]}}],"collection":[{"href":"https:\/\/imprimeideas.es\/en\/wp-json\/wp\/v2\/product"}],"about":[{"href":"https:\/\/imprimeideas.es\/en\/wp-json\/wp\/v2\/types\/product"}],"replies":[{"embeddable":true,"href":"https:\/\/imprimeideas.es\/en\/wp-json\/wp\/v2\/comments?post=37235"}],"version-history":[{"count":1,"href":"https:\/\/imprimeideas.es\/en\/wp-json\/wp\/v2\/product\/37235\/revisions"}],"predecessor-version":[{"id":60254,"href":"https:\/\/imprimeideas.es\/en\/wp-json\/wp\/v2\/product\/37235\/revisions\/60254"}],"wp:featuredmedia":[{"embeddable":true,"href":"https:\/\/imprimeideas.es\/en\/wp-json\/wp\/v2\/media\/82713"}],"wp:attachment":[{"href":"https:\/\/imprimeideas.es\/en\/wp-json\/wp\/v2\/media?parent=37235"}],"wp:term":[{"taxonomy":"product_brand","embeddable":true,"href":"https:\/\/imprimeideas.es\/en\/wp-json\/wp\/v2\/product_brand?post=37235"},{"taxonomy":"product_cat","embeddable":true,"href":"https:\/\/imprimeideas.es\/en\/wp-json\/wp\/v2\/product_cat?post=37235"},{"taxonomy":"product_tag","embeddable":true,"href":"https:\/\/imprimeideas.es\/en\/wp-json\/wp\/v2\/product_tag?post=37235"}],"curies":[{"name":"wp","href":"https:\/\/api.w.org\/{rel}","templated":true}]}}