{"id":37229,"date":"2026-02-24T11:13:27","date_gmt":"2026-02-24T10:13:27","guid":{"rendered":"https:\/\/imprimeideas.es\/?post_type=product&p=37229"},"modified":"2026-02-26T18:27:54","modified_gmt":"2026-02-26T17:27:54","slug":"bolsa-rotin","status":"publish","type":"product","link":"https:\/\/imprimeideas.es\/en\/product\/bolsa-rotin\/","title":{"rendered":"Bolsa Rotin"},"content":{"rendered":"<p>Bolsa de l\u00ednea nature, en combinaci\u00f3n de materiales yute laminado y algod\u00f3n laminado. Tama\u00f1o 39 x 31,5 + 16 cm, de acabado cosido y con asas largas reforzadas de 76 cm. Resistencia de hasta 12 kg de peso.<\/p>","protected":false},"excerpt":{"rendered":"<p>Bolsa de l\u00ednea nature, en combinaci\u00f3n de materiales yute laminado y algod\u00f3n laminado. Tama\u00f1o 39 x 31,5 + 16 cm,<\/p>","protected":false},"featured_media":80709,"comment_status":"open","ping_status":"open","template":"","meta":{"inline_featured_image":false},"product_brand":[],"product_cat":[122,99,114],"product_tag":[],"class_list":{"0":"post-37229","1":"product","2":"type-product","3":"status-publish","4":"has-post-thumbnail","6":"product_cat-articulos-sostenibles","7":"product_cat-bolsas","8":"product_cat-verano-y-playa","10":"first","11":"instock","12":"taxable","13":"shipping-taxable","14":"purchasable","15":"product-type-variable","16":"has-default-attributes"},"aioseo_notices":[],"_links":{"self":[{"href":"https:\/\/imprimeideas.es\/en\/wp-json\/wp\/v2\/product\/37229","targetHints":{"allow":["GET"]}}],"collection":[{"href":"https:\/\/imprimeideas.es\/en\/wp-json\/wp\/v2\/product"}],"about":[{"href":"https:\/\/imprimeideas.es\/en\/wp-json\/wp\/v2\/types\/product"}],"replies":[{"embeddable":true,"href":"https:\/\/imprimeideas.es\/en\/wp-json\/wp\/v2\/comments?post=37229"}],"version-history":[{"count":1,"href":"https:\/\/imprimeideas.es\/en\/wp-json\/wp\/v2\/product\/37229\/revisions"}],"predecessor-version":[{"id":60253,"href":"https:\/\/imprimeideas.es\/en\/wp-json\/wp\/v2\/product\/37229\/revisions\/60253"}],"wp:featuredmedia":[{"embeddable":true,"href":"https:\/\/imprimeideas.es\/en\/wp-json\/wp\/v2\/media\/80709"}],"wp:attachment":[{"href":"https:\/\/imprimeideas.es\/en\/wp-json\/wp\/v2\/media?parent=37229"}],"wp:term":[{"taxonomy":"product_brand","embeddable":true,"href":"https:\/\/imprimeideas.es\/en\/wp-json\/wp\/v2\/product_brand?post=37229"},{"taxonomy":"product_cat","embeddable":true,"href":"https:\/\/imprimeideas.es\/en\/wp-json\/wp\/v2\/product_cat?post=37229"},{"taxonomy":"product_tag","embeddable":true,"href":"https:\/\/imprimeideas.es\/en\/wp-json\/wp\/v2\/product_tag?post=37229"}],"curies":[{"name":"wp","href":"https:\/\/api.w.org\/{rel}","templated":true}]}}