{"id":37221,"date":"2026-02-24T11:13:26","date_gmt":"2026-02-24T10:13:26","guid":{"rendered":"https:\/\/imprimeideas.es\/?post_type=product&p=37221"},"modified":"2026-02-26T18:19:08","modified_gmt":"2026-02-26T17:19:08","slug":"yoyo-runux","status":"publish","type":"product","link":"https:\/\/imprimeideas.es\/en\/product\/yoyo-runux\/","title":{"rendered":"Yoyo Runux"},"content":{"rendered":"<p>Yoy\u00f3 de l\u00ednea nature en resistente fibra de bamb\u00fa. De r\u00e1pido y sencillo montaje, para recuperar los juegos cl\u00e1sicos m\u00e1s divertidos. Con hilo rizado de algod\u00f3n en color blanco de 100 cm.<\/p>","protected":false},"excerpt":{"rendered":"<p>Yoy\u00f3 de l\u00ednea nature en resistente fibra de bamb\u00fa. De r\u00e1pido y sencillo montaje, para recuperar los juegos cl\u00e1sicos m\u00e1s<\/p>","protected":false},"featured_media":76998,"comment_status":"open","ping_status":"open","template":"","meta":{"inline_featured_image":false},"product_brand":[],"product_cat":[122,108],"product_tag":[],"class_list":{"0":"post-37221","1":"product","2":"type-product","3":"status-publish","4":"has-post-thumbnail","6":"product_cat-articulos-sostenibles","7":"product_cat-infantil","9":"first","10":"instock","11":"taxable","12":"shipping-taxable","13":"purchasable","14":"product-type-variable","15":"has-default-attributes"},"aioseo_notices":[],"_links":{"self":[{"href":"https:\/\/imprimeideas.es\/en\/wp-json\/wp\/v2\/product\/37221","targetHints":{"allow":["GET"]}}],"collection":[{"href":"https:\/\/imprimeideas.es\/en\/wp-json\/wp\/v2\/product"}],"about":[{"href":"https:\/\/imprimeideas.es\/en\/wp-json\/wp\/v2\/types\/product"}],"replies":[{"embeddable":true,"href":"https:\/\/imprimeideas.es\/en\/wp-json\/wp\/v2\/comments?post=37221"}],"version-history":[{"count":1,"href":"https:\/\/imprimeideas.es\/en\/wp-json\/wp\/v2\/product\/37221\/revisions"}],"predecessor-version":[{"id":60249,"href":"https:\/\/imprimeideas.es\/en\/wp-json\/wp\/v2\/product\/37221\/revisions\/60249"}],"wp:featuredmedia":[{"embeddable":true,"href":"https:\/\/imprimeideas.es\/en\/wp-json\/wp\/v2\/media\/76998"}],"wp:attachment":[{"href":"https:\/\/imprimeideas.es\/en\/wp-json\/wp\/v2\/media?parent=37221"}],"wp:term":[{"taxonomy":"product_brand","embeddable":true,"href":"https:\/\/imprimeideas.es\/en\/wp-json\/wp\/v2\/product_brand?post=37221"},{"taxonomy":"product_cat","embeddable":true,"href":"https:\/\/imprimeideas.es\/en\/wp-json\/wp\/v2\/product_cat?post=37221"},{"taxonomy":"product_tag","embeddable":true,"href":"https:\/\/imprimeideas.es\/en\/wp-json\/wp\/v2\/product_tag?post=37221"}],"curies":[{"name":"wp","href":"https:\/\/api.w.org\/{rel}","templated":true}]}}