{"id":37199,"date":"2026-02-24T11:13:24","date_gmt":"2026-02-24T10:13:24","guid":{"rendered":"https:\/\/imprimeideas.es\/?post_type=product&p=37199"},"modified":"2026-02-25T15:57:30","modified_gmt":"2026-02-25T14:57:30","slug":"bolsa-termica-saban","status":"publish","type":"product","link":"https:\/\/imprimeideas.es\/en\/product\/bolsa-termica-saban\/","title":{"rendered":"Bolsa T\u00e9rmica Saban"},"content":{"rendered":"<p>Innovadora bolsa t\u00e9rmica en papel laminado, resistente a las salpicaduras de agua y con interior en aluminio. Tama\u00f1o 43&#215;33+14 cm, con cierre de cremallera y amplio bolsillo en frontal. Asas medianas reforzadas de 45 cm, libre de BPA.<\/p>","protected":false},"excerpt":{"rendered":"<p>Innovadora bolsa t\u00e9rmica en papel laminado, resistente a las salpicaduras de agua y con interior en aluminio. Tama\u00f1o 43&#215;33+14 cm,<\/p>","protected":false},"featured_media":83368,"comment_status":"open","ping_status":"open","template":"","meta":{"inline_featured_image":false},"product_brand":[],"product_cat":[122,99,98],"product_tag":[],"class_list":{"0":"post-37199","1":"product","2":"type-product","3":"status-publish","4":"has-post-thumbnail","6":"product_cat-articulos-sostenibles","7":"product_cat-bolsas","8":"product_cat-take-away","10":"first","11":"outofstock","12":"taxable","13":"shipping-taxable","14":"purchasable","15":"product-type-variable","16":"has-default-attributes"},"aioseo_notices":[],"_links":{"self":[{"href":"https:\/\/imprimeideas.es\/en\/wp-json\/wp\/v2\/product\/37199","targetHints":{"allow":["GET"]}}],"collection":[{"href":"https:\/\/imprimeideas.es\/en\/wp-json\/wp\/v2\/product"}],"about":[{"href":"https:\/\/imprimeideas.es\/en\/wp-json\/wp\/v2\/types\/product"}],"replies":[{"embeddable":true,"href":"https:\/\/imprimeideas.es\/en\/wp-json\/wp\/v2\/comments?post=37199"}],"version-history":[{"count":1,"href":"https:\/\/imprimeideas.es\/en\/wp-json\/wp\/v2\/product\/37199\/revisions"}],"predecessor-version":[{"id":60243,"href":"https:\/\/imprimeideas.es\/en\/wp-json\/wp\/v2\/product\/37199\/revisions\/60243"}],"wp:featuredmedia":[{"embeddable":true,"href":"https:\/\/imprimeideas.es\/en\/wp-json\/wp\/v2\/media\/83368"}],"wp:attachment":[{"href":"https:\/\/imprimeideas.es\/en\/wp-json\/wp\/v2\/media?parent=37199"}],"wp:term":[{"taxonomy":"product_brand","embeddable":true,"href":"https:\/\/imprimeideas.es\/en\/wp-json\/wp\/v2\/product_brand?post=37199"},{"taxonomy":"product_cat","embeddable":true,"href":"https:\/\/imprimeideas.es\/en\/wp-json\/wp\/v2\/product_cat?post=37199"},{"taxonomy":"product_tag","embeddable":true,"href":"https:\/\/imprimeideas.es\/en\/wp-json\/wp\/v2\/product_tag?post=37199"}],"curies":[{"name":"wp","href":"https:\/\/api.w.org\/{rel}","templated":true}]}}