{"id":37192,"date":"2026-02-24T11:13:23","date_gmt":"2026-02-24T10:13:23","guid":{"rendered":"https:\/\/imprimeideas.es\/?post_type=product&p=37192"},"modified":"2026-02-26T18:33:05","modified_gmt":"2026-02-26T17:33:05","slug":"boligrafo-dafen","status":"publish","type":"product","link":"https:\/\/imprimeideas.es\/en\/product\/boligrafo-dafen\/","title":{"rendered":"Bol\u00edgrafo Dafen"},"content":{"rendered":"<p>Bol\u00edgrafo con mecanismo pulsador de l\u00ednea nature, con cuerpo en bamb\u00fa y detalles en variada gama de colores. Con original clip met\u00e1lico troquelado y c\u00f3moda empu\u00f1adura de bamb\u00fa. Tinta azul.<\/p>","protected":false},"excerpt":{"rendered":"<p>Bol\u00edgrafo con mecanismo pulsador de l\u00ednea nature, con cuerpo en bamb\u00fa y detalles en variada gama de colores. Con original<\/p>","protected":false},"featured_media":72458,"comment_status":"open","ping_status":"open","template":"","meta":{"inline_featured_image":false},"product_brand":[],"product_cat":[122,100,128],"product_tag":[],"class_list":{"0":"post-37192","1":"product","2":"type-product","3":"status-publish","4":"has-post-thumbnail","6":"product_cat-articulos-sostenibles","7":"product_cat-escritura","8":"product_cat-outlet","10":"first","11":"outofstock","12":"taxable","13":"shipping-taxable","14":"purchasable","15":"product-type-variable","16":"has-default-attributes"},"aioseo_notices":[],"_links":{"self":[{"href":"https:\/\/imprimeideas.es\/en\/wp-json\/wp\/v2\/product\/37192","targetHints":{"allow":["GET"]}}],"collection":[{"href":"https:\/\/imprimeideas.es\/en\/wp-json\/wp\/v2\/product"}],"about":[{"href":"https:\/\/imprimeideas.es\/en\/wp-json\/wp\/v2\/types\/product"}],"replies":[{"embeddable":true,"href":"https:\/\/imprimeideas.es\/en\/wp-json\/wp\/v2\/comments?post=37192"}],"version-history":[{"count":1,"href":"https:\/\/imprimeideas.es\/en\/wp-json\/wp\/v2\/product\/37192\/revisions"}],"predecessor-version":[{"id":60240,"href":"https:\/\/imprimeideas.es\/en\/wp-json\/wp\/v2\/product\/37192\/revisions\/60240"}],"wp:featuredmedia":[{"embeddable":true,"href":"https:\/\/imprimeideas.es\/en\/wp-json\/wp\/v2\/media\/72458"}],"wp:attachment":[{"href":"https:\/\/imprimeideas.es\/en\/wp-json\/wp\/v2\/media?parent=37192"}],"wp:term":[{"taxonomy":"product_brand","embeddable":true,"href":"https:\/\/imprimeideas.es\/en\/wp-json\/wp\/v2\/product_brand?post=37192"},{"taxonomy":"product_cat","embeddable":true,"href":"https:\/\/imprimeideas.es\/en\/wp-json\/wp\/v2\/product_cat?post=37192"},{"taxonomy":"product_tag","embeddable":true,"href":"https:\/\/imprimeideas.es\/en\/wp-json\/wp\/v2\/product_tag?post=37192"}],"curies":[{"name":"wp","href":"https:\/\/api.w.org\/{rel}","templated":true}]}}