{"id":37184,"date":"2026-02-24T11:13:23","date_gmt":"2026-02-24T10:13:23","guid":{"rendered":"https:\/\/imprimeideas.es\/?post_type=product&p=37184"},"modified":"2026-02-26T18:03:07","modified_gmt":"2026-02-26T17:03:07","slug":"boligrafo-blavix","status":"publish","type":"product","link":"https:\/\/imprimeideas.es\/en\/product\/boligrafo-blavix\/","title":{"rendered":"Bol\u00edgrafo Blavix"},"content":{"rendered":"<p>Original bol\u00edgrafo de mecanismo pulsador en elegante dise\u00f1o bicolor. Con cuerpo de aluminio en tacto goma de acabado mate. Especialmente dise\u00f1ado para marcaje en l\u00e1ser y mostrar el logotipo en tono plateado. Clip, parte superior y punta en plateado. Disponible en variada gama de colores, con cartucho jumbo y tinta azul.<\/p>","protected":false},"excerpt":{"rendered":"<p>Carga Jumbo<\/p>","protected":false},"featured_media":84641,"comment_status":"open","ping_status":"open","template":"","meta":{"inline_featured_image":false},"product_brand":[],"product_cat":[100],"product_tag":[],"class_list":{"0":"post-37184","1":"product","2":"type-product","3":"status-publish","4":"has-post-thumbnail","6":"product_cat-escritura","8":"first","9":"instock","10":"taxable","11":"shipping-taxable","12":"purchasable","13":"product-type-variable","14":"has-default-attributes"},"aioseo_notices":[],"_links":{"self":[{"href":"https:\/\/imprimeideas.es\/en\/wp-json\/wp\/v2\/product\/37184","targetHints":{"allow":["GET"]}}],"collection":[{"href":"https:\/\/imprimeideas.es\/en\/wp-json\/wp\/v2\/product"}],"about":[{"href":"https:\/\/imprimeideas.es\/en\/wp-json\/wp\/v2\/types\/product"}],"replies":[{"embeddable":true,"href":"https:\/\/imprimeideas.es\/en\/wp-json\/wp\/v2\/comments?post=37184"}],"version-history":[{"count":1,"href":"https:\/\/imprimeideas.es\/en\/wp-json\/wp\/v2\/product\/37184\/revisions"}],"predecessor-version":[{"id":60239,"href":"https:\/\/imprimeideas.es\/en\/wp-json\/wp\/v2\/product\/37184\/revisions\/60239"}],"wp:featuredmedia":[{"embeddable":true,"href":"https:\/\/imprimeideas.es\/en\/wp-json\/wp\/v2\/media\/84641"}],"wp:attachment":[{"href":"https:\/\/imprimeideas.es\/en\/wp-json\/wp\/v2\/media?parent=37184"}],"wp:term":[{"taxonomy":"product_brand","embeddable":true,"href":"https:\/\/imprimeideas.es\/en\/wp-json\/wp\/v2\/product_brand?post=37184"},{"taxonomy":"product_cat","embeddable":true,"href":"https:\/\/imprimeideas.es\/en\/wp-json\/wp\/v2\/product_cat?post=37184"},{"taxonomy":"product_tag","embeddable":true,"href":"https:\/\/imprimeideas.es\/en\/wp-json\/wp\/v2\/product_tag?post=37184"}],"curies":[{"name":"wp","href":"https:\/\/api.w.org\/{rel}","templated":true}]}}