{"id":37123,"date":"2026-02-24T11:13:17","date_gmt":"2026-02-24T10:13:17","guid":{"rendered":"https:\/\/imprimeideas.es\/?post_type=product&p=37123"},"modified":"2026-02-26T18:37:33","modified_gmt":"2026-02-26T17:37:33","slug":"gorra-clipak","status":"publish","type":"product","link":"https:\/\/imprimeideas.es\/en\/product\/gorra-clipak\/","title":{"rendered":"Gorra Clipak"},"content":{"rendered":"<p>Gorra de 5 paneles en poli\u00e9ster, con tela de rejilla y cierre ajustable de pl\u00e1stico. Disponible en variada gama de colores (color blanco especialmente fabricado para impresi\u00f3n en sublimaci\u00f3n).<\/p>","protected":false},"excerpt":{"rendered":"<p>5 Paneles. Cierre Pl\u00e1stico<\/p>","protected":false},"featured_media":75187,"comment_status":"open","ping_status":"open","template":"","meta":{"inline_featured_image":false},"product_brand":[],"product_cat":[112,115],"product_tag":[],"class_list":{"0":"post-37123","1":"product","2":"type-product","3":"status-publish","4":"has-post-thumbnail","6":"product_cat-gorras-y-sombreros","7":"product_cat-sublimacion","9":"first","10":"instock","11":"taxable","12":"shipping-taxable","13":"purchasable","14":"product-type-variable","15":"has-default-attributes"},"aioseo_notices":[],"_links":{"self":[{"href":"https:\/\/imprimeideas.es\/en\/wp-json\/wp\/v2\/product\/37123","targetHints":{"allow":["GET"]}}],"collection":[{"href":"https:\/\/imprimeideas.es\/en\/wp-json\/wp\/v2\/product"}],"about":[{"href":"https:\/\/imprimeideas.es\/en\/wp-json\/wp\/v2\/types\/product"}],"replies":[{"embeddable":true,"href":"https:\/\/imprimeideas.es\/en\/wp-json\/wp\/v2\/comments?post=37123"}],"version-history":[{"count":1,"href":"https:\/\/imprimeideas.es\/en\/wp-json\/wp\/v2\/product\/37123\/revisions"}],"predecessor-version":[{"id":60217,"href":"https:\/\/imprimeideas.es\/en\/wp-json\/wp\/v2\/product\/37123\/revisions\/60217"}],"wp:featuredmedia":[{"embeddable":true,"href":"https:\/\/imprimeideas.es\/en\/wp-json\/wp\/v2\/media\/75187"}],"wp:attachment":[{"href":"https:\/\/imprimeideas.es\/en\/wp-json\/wp\/v2\/media?parent=37123"}],"wp:term":[{"taxonomy":"product_brand","embeddable":true,"href":"https:\/\/imprimeideas.es\/en\/wp-json\/wp\/v2\/product_brand?post=37123"},{"taxonomy":"product_cat","embeddable":true,"href":"https:\/\/imprimeideas.es\/en\/wp-json\/wp\/v2\/product_cat?post=37123"},{"taxonomy":"product_tag","embeddable":true,"href":"https:\/\/imprimeideas.es\/en\/wp-json\/wp\/v2\/product_tag?post=37123"}],"curies":[{"name":"wp","href":"https:\/\/api.w.org\/{rel}","templated":true}]}}