{"id":37115,"date":"2026-02-24T11:13:16","date_gmt":"2026-02-24T10:13:16","guid":{"rendered":"https:\/\/imprimeideas.es\/?post_type=product&p=37115"},"modified":"2026-02-26T18:03:07","modified_gmt":"2026-02-26T17:03:07","slug":"gel-hidroalcoholico-bustan","status":"publish","type":"product","link":"https:\/\/imprimeideas.es\/en\/product\/gel-hidroalcoholico-bustan\/","title":{"rendered":"Gel Hidroalcoh\u00f3lico Bustan"},"content":{"rendered":"<p>Spray hidroalcoh\u00f3lico para higiene y limpieza de la piel en bote rellenable de 10 ml. Cuerpo en transl\u00facido y capucha disponible en variada gama de colores, con clip de ajuste. Soluci\u00f3n con 65% de contenido de alcohol.Art\u00edculo con certificaci\u00f3n GMP (Good Manufaturing Practices \/ Normas de Correcta Fabricaci\u00f3n) que garantiza el cumplimiento de rigurosas medidas de control para la obtenci\u00f3n de un producto seguro y de calidad.<\/p>","protected":false},"excerpt":{"rendered":"<p>10 ml. Soluci\u00f3n para la limpieza de la piel<\/p>","protected":false},"featured_media":81291,"comment_status":"open","ping_status":"open","template":"","meta":{"inline_featured_image":false},"product_brand":[],"product_cat":[125,107,105],"product_tag":[],"class_list":{"0":"post-37115","1":"product","2":"type-product","3":"status-publish","4":"has-post-thumbnail","6":"product_cat-coleccion-proteccion-higienica","7":"product_cat-cuidado-personal-y-pharma","8":"product_cat-vino-accesorios-de-bebida-y-hosteleria","10":"first","11":"instock","12":"taxable","13":"shipping-taxable","14":"purchasable","15":"product-type-variable","16":"has-default-attributes"},"aioseo_notices":[],"_links":{"self":[{"href":"https:\/\/imprimeideas.es\/en\/wp-json\/wp\/v2\/product\/37115","targetHints":{"allow":["GET"]}}],"collection":[{"href":"https:\/\/imprimeideas.es\/en\/wp-json\/wp\/v2\/product"}],"about":[{"href":"https:\/\/imprimeideas.es\/en\/wp-json\/wp\/v2\/types\/product"}],"replies":[{"embeddable":true,"href":"https:\/\/imprimeideas.es\/en\/wp-json\/wp\/v2\/comments?post=37115"}],"version-history":[{"count":1,"href":"https:\/\/imprimeideas.es\/en\/wp-json\/wp\/v2\/product\/37115\/revisions"}],"predecessor-version":[{"id":60210,"href":"https:\/\/imprimeideas.es\/en\/wp-json\/wp\/v2\/product\/37115\/revisions\/60210"}],"wp:featuredmedia":[{"embeddable":true,"href":"https:\/\/imprimeideas.es\/en\/wp-json\/wp\/v2\/media\/81291"}],"wp:attachment":[{"href":"https:\/\/imprimeideas.es\/en\/wp-json\/wp\/v2\/media?parent=37115"}],"wp:term":[{"taxonomy":"product_brand","embeddable":true,"href":"https:\/\/imprimeideas.es\/en\/wp-json\/wp\/v2\/product_brand?post=37115"},{"taxonomy":"product_cat","embeddable":true,"href":"https:\/\/imprimeideas.es\/en\/wp-json\/wp\/v2\/product_cat?post=37115"},{"taxonomy":"product_tag","embeddable":true,"href":"https:\/\/imprimeideas.es\/en\/wp-json\/wp\/v2\/product_tag?post=37115"}],"curies":[{"name":"wp","href":"https:\/\/api.w.org\/{rel}","templated":true}]}}