{"id":37095,"date":"2026-02-24T11:13:15","date_gmt":"2026-02-24T10:13:15","guid":{"rendered":"https:\/\/imprimeideas.es\/?post_type=product&p=37095"},"modified":"2026-02-26T18:27:53","modified_gmt":"2026-02-26T17:27:53","slug":"cesta-termica-yonner","status":"publish","type":"product","link":"https:\/\/imprimeideas.es\/en\/product\/cesta-termica-yonner\/","title":{"rendered":"Cesta T\u00e9rmica Yonner"},"content":{"rendered":"<p>Cesta t\u00e9rmica en resistente poli\u00e9ster 600D con interior de aluminio libre de BPA. Cierre de cremallera, con estructura de aluminio plegable y asas con EVA para mayor comodidad en el transporte. Resistencia de hasta 15 kg de peso y disponible en vivos colores.<\/p>","protected":false},"excerpt":{"rendered":"<p>Plegable<\/p>","protected":false},"featured_media":79221,"comment_status":"open","ping_status":"open","template":"","meta":{"inline_featured_image":false},"product_brand":[],"product_cat":[99,98],"product_tag":[],"class_list":{"0":"post-37095","1":"product","2":"type-product","3":"status-publish","4":"has-post-thumbnail","6":"product_cat-bolsas","7":"product_cat-take-away","9":"first","10":"instock","11":"taxable","12":"shipping-taxable","13":"purchasable","14":"product-type-variable","15":"has-default-attributes"},"aioseo_notices":[],"_links":{"self":[{"href":"https:\/\/imprimeideas.es\/en\/wp-json\/wp\/v2\/product\/37095","targetHints":{"allow":["GET"]}}],"collection":[{"href":"https:\/\/imprimeideas.es\/en\/wp-json\/wp\/v2\/product"}],"about":[{"href":"https:\/\/imprimeideas.es\/en\/wp-json\/wp\/v2\/types\/product"}],"replies":[{"embeddable":true,"href":"https:\/\/imprimeideas.es\/en\/wp-json\/wp\/v2\/comments?post=37095"}],"version-history":[{"count":1,"href":"https:\/\/imprimeideas.es\/en\/wp-json\/wp\/v2\/product\/37095\/revisions"}],"predecessor-version":[{"id":60181,"href":"https:\/\/imprimeideas.es\/en\/wp-json\/wp\/v2\/product\/37095\/revisions\/60181"}],"wp:featuredmedia":[{"embeddable":true,"href":"https:\/\/imprimeideas.es\/en\/wp-json\/wp\/v2\/media\/79221"}],"wp:attachment":[{"href":"https:\/\/imprimeideas.es\/en\/wp-json\/wp\/v2\/media?parent=37095"}],"wp:term":[{"taxonomy":"product_brand","embeddable":true,"href":"https:\/\/imprimeideas.es\/en\/wp-json\/wp\/v2\/product_brand?post=37095"},{"taxonomy":"product_cat","embeddable":true,"href":"https:\/\/imprimeideas.es\/en\/wp-json\/wp\/v2\/product_cat?post=37095"},{"taxonomy":"product_tag","embeddable":true,"href":"https:\/\/imprimeideas.es\/en\/wp-json\/wp\/v2\/product_tag?post=37095"}],"curies":[{"name":"wp","href":"https:\/\/api.w.org\/{rel}","templated":true}]}}