{"id":37064,"date":"2026-02-24T11:13:12","date_gmt":"2026-02-24T10:13:12","guid":{"rendered":"https:\/\/imprimeideas.es\/?post_type=product&p=37064"},"modified":"2026-02-26T18:13:44","modified_gmt":"2026-02-26T17:13:44","slug":"adorno-vondix","status":"publish","type":"product","link":"https:\/\/imprimeideas.es\/en\/product\/adorno-vondix\/","title":{"rendered":"Adorno Vondix"},"content":{"rendered":"<p>Adorno navide\u00f1o en pizarra, con lacito para colgar y en elegantes dise\u00f1os \u00e1rbol de navidad y estrella.<\/p>","protected":false},"excerpt":{"rendered":"<p>Adorno navide\u00f1o en pizarra, con lacito para colgar y en elegantes dise\u00f1os \u00e1rbol de navidad y estrella.<\/p>","protected":false},"featured_media":71846,"comment_status":"open","ping_status":"open","template":"","meta":{"inline_featured_image":false},"product_brand":[],"product_cat":[127],"product_tag":[],"class_list":{"0":"post-37064","1":"product","2":"type-product","3":"status-publish","4":"has-post-thumbnail","6":"product_cat-navidad","8":"first","9":"outofstock","10":"taxable","11":"shipping-taxable","12":"purchasable","13":"product-type-variable","14":"has-default-attributes"},"aioseo_notices":[],"_links":{"self":[{"href":"https:\/\/imprimeideas.es\/en\/wp-json\/wp\/v2\/product\/37064","targetHints":{"allow":["GET"]}}],"collection":[{"href":"https:\/\/imprimeideas.es\/en\/wp-json\/wp\/v2\/product"}],"about":[{"href":"https:\/\/imprimeideas.es\/en\/wp-json\/wp\/v2\/types\/product"}],"replies":[{"embeddable":true,"href":"https:\/\/imprimeideas.es\/en\/wp-json\/wp\/v2\/comments?post=37064"}],"version-history":[{"count":1,"href":"https:\/\/imprimeideas.es\/en\/wp-json\/wp\/v2\/product\/37064\/revisions"}],"predecessor-version":[{"id":60227,"href":"https:\/\/imprimeideas.es\/en\/wp-json\/wp\/v2\/product\/37064\/revisions\/60227"}],"wp:featuredmedia":[{"embeddable":true,"href":"https:\/\/imprimeideas.es\/en\/wp-json\/wp\/v2\/media\/71846"}],"wp:attachment":[{"href":"https:\/\/imprimeideas.es\/en\/wp-json\/wp\/v2\/media?parent=37064"}],"wp:term":[{"taxonomy":"product_brand","embeddable":true,"href":"https:\/\/imprimeideas.es\/en\/wp-json\/wp\/v2\/product_brand?post=37064"},{"taxonomy":"product_cat","embeddable":true,"href":"https:\/\/imprimeideas.es\/en\/wp-json\/wp\/v2\/product_cat?post=37064"},{"taxonomy":"product_tag","embeddable":true,"href":"https:\/\/imprimeideas.es\/en\/wp-json\/wp\/v2\/product_tag?post=37064"}],"curies":[{"name":"wp","href":"https:\/\/api.w.org\/{rel}","templated":true}]}}