{"id":37060,"date":"2026-02-24T11:13:11","date_gmt":"2026-02-24T10:13:11","guid":{"rendered":"https:\/\/imprimeideas.es\/?post_type=product&p=37060"},"modified":"2026-02-26T18:37:40","modified_gmt":"2026-02-26T17:37:40","slug":"vela-aromatica-tepor","status":"publish","type":"product","link":"https:\/\/imprimeideas.es\/en\/product\/vela-aromatica-tepor\/","title":{"rendered":"Vela Arom\u00e1tica Tepor"},"content":{"rendered":"<p>Original vela tarrito de cristal. Con tap\u00f3n de corcho y etiqueta de cart\u00f3n reciclado con hilo para mensajitos. Disponible en varios colores y presentada en caja blanca individual.<\/p>","protected":false},"excerpt":{"rendered":"<p>Original vela tarrito de cristal. Con tap\u00f3n de corcho y etiqueta de cart\u00f3n reciclado con hilo para mensajitos. Disponible en<\/p>","protected":false},"featured_media":83864,"comment_status":"open","ping_status":"open","template":"","meta":{"inline_featured_image":false},"product_brand":[],"product_cat":[122,104,106],"product_tag":[],"class_list":{"0":"post-37060","1":"product","2":"type-product","3":"status-publish","4":"has-post-thumbnail","6":"product_cat-articulos-sostenibles","7":"product_cat-hogar-y-decoracion","8":"product_cat-regalos-y-premiums","10":"first","11":"instock","12":"taxable","13":"shipping-taxable","14":"purchasable","15":"product-type-variable","16":"has-default-attributes"},"aioseo_notices":[],"_links":{"self":[{"href":"https:\/\/imprimeideas.es\/en\/wp-json\/wp\/v2\/product\/37060","targetHints":{"allow":["GET"]}}],"collection":[{"href":"https:\/\/imprimeideas.es\/en\/wp-json\/wp\/v2\/product"}],"about":[{"href":"https:\/\/imprimeideas.es\/en\/wp-json\/wp\/v2\/types\/product"}],"replies":[{"embeddable":true,"href":"https:\/\/imprimeideas.es\/en\/wp-json\/wp\/v2\/comments?post=37060"}],"version-history":[{"count":1,"href":"https:\/\/imprimeideas.es\/en\/wp-json\/wp\/v2\/product\/37060\/revisions"}],"predecessor-version":[{"id":60226,"href":"https:\/\/imprimeideas.es\/en\/wp-json\/wp\/v2\/product\/37060\/revisions\/60226"}],"wp:featuredmedia":[{"embeddable":true,"href":"https:\/\/imprimeideas.es\/en\/wp-json\/wp\/v2\/media\/83864"}],"wp:attachment":[{"href":"https:\/\/imprimeideas.es\/en\/wp-json\/wp\/v2\/media?parent=37060"}],"wp:term":[{"taxonomy":"product_brand","embeddable":true,"href":"https:\/\/imprimeideas.es\/en\/wp-json\/wp\/v2\/product_brand?post=37060"},{"taxonomy":"product_cat","embeddable":true,"href":"https:\/\/imprimeideas.es\/en\/wp-json\/wp\/v2\/product_cat?post=37060"},{"taxonomy":"product_tag","embeddable":true,"href":"https:\/\/imprimeideas.es\/en\/wp-json\/wp\/v2\/product_tag?post=37060"}],"curies":[{"name":"wp","href":"https:\/\/api.w.org\/{rel}","templated":true}]}}