{"id":37048,"date":"2026-02-24T11:13:10","date_gmt":"2026-02-24T10:13:10","guid":{"rendered":"https:\/\/imprimeideas.es\/?post_type=product&p=37048"},"modified":"2026-02-26T18:23:13","modified_gmt":"2026-02-26T17:23:13","slug":"mochila-antirrobo-komplete","status":"publish","type":"product","link":"https:\/\/imprimeideas.es\/en\/product\/mochila-antirrobo-komplete\/","title":{"rendered":"Mochila Antirrobo Komplete"},"content":{"rendered":"<p>Mochila antirrobo en resistente material poli\u00e9ster 300D. Con bolsillo antirrobo en la espalda para guardar objetos de valor. Compartimento interior con salida USB para conexi\u00f3n de powerbank -no incluido-. Incluye cable micro USB para total comodidad en la carga de cualquier dispositivo m\u00f3vil. Bolsillo en lateral con protecci\u00f3n RFID y compartimentos interiores acolchados para tablets de hasta 10 pulgadas y port\u00e1tiles de hasta 15 pulgadas. Cinta para fijaci\u00f3n al trolley y disponible en amplia gama de colores, con multitud de bolsillos interiores y exteriores. Cintas de hombros y espalda ajustables con acolchado.<\/p>","protected":false},"excerpt":{"rendered":"<p>Bolsillo Protector RFID. Conexi\u00f3n USB. Bolsillo Acolchado para Port\u00e1til y Tablet. Parte Trasera y Cintas Acolchadas<\/p>","protected":false},"featured_media":85668,"comment_status":"open","ping_status":"open","template":"","meta":{"inline_featured_image":false},"product_brand":[],"product_cat":[94,95],"product_tag":[],"class_list":{"0":"post-37048","1":"product","2":"type-product","3":"status-publish","4":"has-post-thumbnail","6":"product_cat-mochilas","7":"product_cat-tecnologia-y-accesorios","9":"first","10":"instock","11":"taxable","12":"shipping-taxable","13":"purchasable","14":"product-type-variable","15":"has-default-attributes"},"aioseo_notices":[],"_links":{"self":[{"href":"https:\/\/imprimeideas.es\/en\/wp-json\/wp\/v2\/product\/37048","targetHints":{"allow":["GET"]}}],"collection":[{"href":"https:\/\/imprimeideas.es\/en\/wp-json\/wp\/v2\/product"}],"about":[{"href":"https:\/\/imprimeideas.es\/en\/wp-json\/wp\/v2\/types\/product"}],"replies":[{"embeddable":true,"href":"https:\/\/imprimeideas.es\/en\/wp-json\/wp\/v2\/comments?post=37048"}],"version-history":[{"count":1,"href":"https:\/\/imprimeideas.es\/en\/wp-json\/wp\/v2\/product\/37048\/revisions"}],"predecessor-version":[{"id":60224,"href":"https:\/\/imprimeideas.es\/en\/wp-json\/wp\/v2\/product\/37048\/revisions\/60224"}],"wp:featuredmedia":[{"embeddable":true,"href":"https:\/\/imprimeideas.es\/en\/wp-json\/wp\/v2\/media\/85668"}],"wp:attachment":[{"href":"https:\/\/imprimeideas.es\/en\/wp-json\/wp\/v2\/media?parent=37048"}],"wp:term":[{"taxonomy":"product_brand","embeddable":true,"href":"https:\/\/imprimeideas.es\/en\/wp-json\/wp\/v2\/product_brand?post=37048"},{"taxonomy":"product_cat","embeddable":true,"href":"https:\/\/imprimeideas.es\/en\/wp-json\/wp\/v2\/product_cat?post=37048"},{"taxonomy":"product_tag","embeddable":true,"href":"https:\/\/imprimeideas.es\/en\/wp-json\/wp\/v2\/product_tag?post=37048"}],"curies":[{"name":"wp","href":"https:\/\/api.w.org\/{rel}","templated":true}]}}