{"id":37035,"date":"2026-02-24T11:13:09","date_gmt":"2026-02-24T10:13:09","guid":{"rendered":"https:\/\/imprimeideas.es\/?post_type=product&p=37035"},"modified":"2026-02-26T18:33:04","modified_gmt":"2026-02-26T17:33:04","slug":"bolsa-kaiso","status":"publish","type":"product","link":"https:\/\/imprimeideas.es\/en\/product\/bolsa-kaiso\/","title":{"rendered":"Bolsa Kaiso"},"content":{"rendered":"<p>Bolsa de l\u00ednea nature en material RPET, elaborado a partir de pl\u00e1stico reciclado, para as\u00ed fomentar la reutilizaci\u00f3n de residuos pl\u00e1sticos y ayudar a la sostenibilidad del planeta. En material laminado de 105 g\/m2 de acabado mate, con asas medianas y costuras y base reforzadas. Resistencia hasta 5 kg de peso. Disponible en variada gama de colores, con etiqueta distintivo RPET.<\/p>","protected":false},"excerpt":{"rendered":"<p>Bolsa de l\u00ednea nature en material RPET, elaborado a partir de pl\u00e1stico reciclado, para as\u00ed fomentar la reutilizaci\u00f3n de residuos<\/p>","protected":false},"featured_media":73708,"comment_status":"open","ping_status":"open","template":"","meta":{"inline_featured_image":false},"product_brand":[],"product_cat":[122,99],"product_tag":[],"class_list":{"0":"post-37035","1":"product","2":"type-product","3":"status-publish","4":"has-post-thumbnail","6":"product_cat-articulos-sostenibles","7":"product_cat-bolsas","9":"first","10":"instock","11":"taxable","12":"shipping-taxable","13":"purchasable","14":"product-type-variable","15":"has-default-attributes"},"aioseo_notices":[],"_links":{"self":[{"href":"https:\/\/imprimeideas.es\/en\/wp-json\/wp\/v2\/product\/37035","targetHints":{"allow":["GET"]}}],"collection":[{"href":"https:\/\/imprimeideas.es\/en\/wp-json\/wp\/v2\/product"}],"about":[{"href":"https:\/\/imprimeideas.es\/en\/wp-json\/wp\/v2\/types\/product"}],"replies":[{"embeddable":true,"href":"https:\/\/imprimeideas.es\/en\/wp-json\/wp\/v2\/comments?post=37035"}],"version-history":[{"count":1,"href":"https:\/\/imprimeideas.es\/en\/wp-json\/wp\/v2\/product\/37035\/revisions"}],"predecessor-version":[{"id":60220,"href":"https:\/\/imprimeideas.es\/en\/wp-json\/wp\/v2\/product\/37035\/revisions\/60220"}],"wp:featuredmedia":[{"embeddable":true,"href":"https:\/\/imprimeideas.es\/en\/wp-json\/wp\/v2\/media\/73708"}],"wp:attachment":[{"href":"https:\/\/imprimeideas.es\/en\/wp-json\/wp\/v2\/media?parent=37035"}],"wp:term":[{"taxonomy":"product_brand","embeddable":true,"href":"https:\/\/imprimeideas.es\/en\/wp-json\/wp\/v2\/product_brand?post=37035"},{"taxonomy":"product_cat","embeddable":true,"href":"https:\/\/imprimeideas.es\/en\/wp-json\/wp\/v2\/product_cat?post=37035"},{"taxonomy":"product_tag","embeddable":true,"href":"https:\/\/imprimeideas.es\/en\/wp-json\/wp\/v2\/product_tag?post=37035"}],"curies":[{"name":"wp","href":"https:\/\/api.w.org\/{rel}","templated":true}]}}