{"id":37019,"date":"2026-02-24T11:13:08","date_gmt":"2026-02-24T10:13:08","guid":{"rendered":"https:\/\/imprimeideas.es\/?post_type=product&p=37019"},"modified":"2026-02-26T18:19:25","modified_gmt":"2026-02-26T17:19:25","slug":"bloc-notas-bluster","status":"publish","type":"product","link":"https:\/\/imprimeideas.es\/en\/product\/bloc-notas-bluster\/","title":{"rendered":"Bloc Notas Bluster"},"content":{"rendered":"<p>Bloc de notas de l\u00ednea nature en combinaci\u00f3n de corcho natural con polipiel de tapas r\u00edgidas. Con 100 hojas lisas con acabado natural, el\u00e1stico de sujeci\u00f3n y marcap\u00e1ginas de tela a juego. Disponible en variada gama de colores.<\/p>","protected":false},"excerpt":{"rendered":"<p>Portada R\u00edgida. 100 Hojas<\/p>","protected":false},"featured_media":79030,"comment_status":"open","ping_status":"open","template":"","meta":{"inline_featured_image":false},"product_brand":[],"product_cat":[122,96],"product_tag":[],"class_list":{"0":"post-37019","1":"product","2":"type-product","3":"status-publish","4":"has-post-thumbnail","6":"product_cat-articulos-sostenibles","7":"product_cat-oficina-y-negocios","9":"first","10":"instock","11":"taxable","12":"shipping-taxable","13":"purchasable","14":"product-type-variable","15":"has-default-attributes"},"aioseo_notices":[],"_links":{"self":[{"href":"https:\/\/imprimeideas.es\/en\/wp-json\/wp\/v2\/product\/37019","targetHints":{"allow":["GET"]}}],"collection":[{"href":"https:\/\/imprimeideas.es\/en\/wp-json\/wp\/v2\/product"}],"about":[{"href":"https:\/\/imprimeideas.es\/en\/wp-json\/wp\/v2\/types\/product"}],"replies":[{"embeddable":true,"href":"https:\/\/imprimeideas.es\/en\/wp-json\/wp\/v2\/comments?post=37019"}],"version-history":[{"count":1,"href":"https:\/\/imprimeideas.es\/en\/wp-json\/wp\/v2\/product\/37019\/revisions"}],"predecessor-version":[{"id":60218,"href":"https:\/\/imprimeideas.es\/en\/wp-json\/wp\/v2\/product\/37019\/revisions\/60218"}],"wp:featuredmedia":[{"embeddable":true,"href":"https:\/\/imprimeideas.es\/en\/wp-json\/wp\/v2\/media\/79030"}],"wp:attachment":[{"href":"https:\/\/imprimeideas.es\/en\/wp-json\/wp\/v2\/media?parent=37019"}],"wp:term":[{"taxonomy":"product_brand","embeddable":true,"href":"https:\/\/imprimeideas.es\/en\/wp-json\/wp\/v2\/product_brand?post=37019"},{"taxonomy":"product_cat","embeddable":true,"href":"https:\/\/imprimeideas.es\/en\/wp-json\/wp\/v2\/product_cat?post=37019"},{"taxonomy":"product_tag","embeddable":true,"href":"https:\/\/imprimeideas.es\/en\/wp-json\/wp\/v2\/product_tag?post=37019"}],"curies":[{"name":"wp","href":"https:\/\/api.w.org\/{rel}","templated":true}]}}