{"id":37008,"date":"2026-02-24T11:13:07","date_gmt":"2026-02-24T10:13:07","guid":{"rendered":"https:\/\/imprimeideas.es\/?post_type=product&p=37008"},"modified":"2026-02-26T18:27:53","modified_gmt":"2026-02-26T17:27:53","slug":"boligrafo-clessin","status":"publish","type":"product","link":"https:\/\/imprimeideas.es\/en\/product\/boligrafo-clessin\/","title":{"rendered":"Bol\u00edgrafo Clessin"},"content":{"rendered":"<p>Bol\u00edgrafo 4 en 1 de mecanismo pulsador retr\u00e1ctil, de cl\u00e1sico dise\u00f1o y cuerpo de suave acabado s\u00f3lido en color blanco. Suave empu\u00f1adura a juego en vivos colores. De 4 cartuchos, en tintas azul, negra, roja y verde.<\/p>","protected":false},"excerpt":{"rendered":"<p>Escritura 4 Colores<\/p>","protected":false},"featured_media":80609,"comment_status":"open","ping_status":"open","template":"","meta":{"inline_featured_image":false},"product_brand":[],"product_cat":[100],"product_tag":[],"class_list":{"0":"post-37008","1":"product","2":"type-product","3":"status-publish","4":"has-post-thumbnail","6":"product_cat-escritura","8":"first","9":"instock","10":"taxable","11":"shipping-taxable","12":"purchasable","13":"product-type-variable","14":"has-default-attributes"},"aioseo_notices":[],"_links":{"self":[{"href":"https:\/\/imprimeideas.es\/en\/wp-json\/wp\/v2\/product\/37008","targetHints":{"allow":["GET"]}}],"collection":[{"href":"https:\/\/imprimeideas.es\/en\/wp-json\/wp\/v2\/product"}],"about":[{"href":"https:\/\/imprimeideas.es\/en\/wp-json\/wp\/v2\/types\/product"}],"replies":[{"embeddable":true,"href":"https:\/\/imprimeideas.es\/en\/wp-json\/wp\/v2\/comments?post=37008"}],"version-history":[{"count":1,"href":"https:\/\/imprimeideas.es\/en\/wp-json\/wp\/v2\/product\/37008\/revisions"}],"predecessor-version":[{"id":60216,"href":"https:\/\/imprimeideas.es\/en\/wp-json\/wp\/v2\/product\/37008\/revisions\/60216"}],"wp:featuredmedia":[{"embeddable":true,"href":"https:\/\/imprimeideas.es\/en\/wp-json\/wp\/v2\/media\/80609"}],"wp:attachment":[{"href":"https:\/\/imprimeideas.es\/en\/wp-json\/wp\/v2\/media?parent=37008"}],"wp:term":[{"taxonomy":"product_brand","embeddable":true,"href":"https:\/\/imprimeideas.es\/en\/wp-json\/wp\/v2\/product_brand?post=37008"},{"taxonomy":"product_cat","embeddable":true,"href":"https:\/\/imprimeideas.es\/en\/wp-json\/wp\/v2\/product_cat?post=37008"},{"taxonomy":"product_tag","embeddable":true,"href":"https:\/\/imprimeideas.es\/en\/wp-json\/wp\/v2\/product_tag?post=37008"}],"curies":[{"name":"wp","href":"https:\/\/api.w.org\/{rel}","templated":true}]}}