{"id":36988,"date":"2026-02-24T11:13:05","date_gmt":"2026-02-24T10:13:05","guid":{"rendered":"https:\/\/imprimeideas.es\/?post_type=product&p=36988"},"modified":"2026-02-26T18:37:28","modified_gmt":"2026-02-26T17:37:28","slug":"organizador-power-bank-surey","status":"publish","type":"product","link":"https:\/\/imprimeideas.es\/en\/product\/organizador-power-bank-surey\/","title":{"rendered":"Organizador Power Bank Surey"},"content":{"rendered":"<p>Completo organizador power bank en combinaci\u00f3n de materiales poli\u00e9ster 300D y polipiel. Cargador inal\u00e1mbrico integrado en la portada, con soporte para sujeci\u00f3n del smartphone. Incluye bater\u00eda auxiliar de 4.000 mAh de capacidad de carga integrada. De sobrio dise\u00f1o y cierre de cremallera, incluye bloc de notas de 64 hojas con disposici\u00f3n a una raya, soporte para bol\u00edgrafo y tarjetero. Salida USB, con cable micro USB incluido y presentado en elegante caja negra. Las capacidades mostradas en todas nuestras bater\u00edas auxiliares externas son reales, incorporando todas ellas bater\u00edas de grado A y no recicladas, con una vida \u00fatil de al menos 500 ciclos de carga y seg\u00fan normativa CE. Adem\u00e1s, est\u00e1n fabricadas conforme a los est\u00e1ndares RoHS y en cumplimiento con los siguientes requisitos de seguridad: Sistema de protecci\u00f3n contra sobrecarga del power bank. Sistema de protecci\u00f3n contra descarga completa que proporciona una mayor durabilidad del power bank. Sistema de bloqueo para evitar cor<\/p>","protected":false},"excerpt":{"rendered":"<p>Inal\u00e1mbrico 5W. 4000 mAh. Bloc 64 Hojas. Salida USB. Entrada Micro USB<\/p>","protected":false},"featured_media":71920,"comment_status":"open","ping_status":"open","template":"","meta":{"inline_featured_image":false},"product_brand":[],"product_cat":[96],"product_tag":[],"class_list":{"0":"post-36988","1":"product","2":"type-product","3":"status-publish","4":"has-post-thumbnail","6":"product_cat-oficina-y-negocios","8":"first","9":"instock","10":"taxable","11":"shipping-taxable","12":"purchasable","13":"product-type-variable","14":"has-default-attributes"},"aioseo_notices":[],"_links":{"self":[{"href":"https:\/\/imprimeideas.es\/en\/wp-json\/wp\/v2\/product\/36988","targetHints":{"allow":["GET"]}}],"collection":[{"href":"https:\/\/imprimeideas.es\/en\/wp-json\/wp\/v2\/product"}],"about":[{"href":"https:\/\/imprimeideas.es\/en\/wp-json\/wp\/v2\/types\/product"}],"replies":[{"embeddable":true,"href":"https:\/\/imprimeideas.es\/en\/wp-json\/wp\/v2\/comments?post=36988"}],"version-history":[{"count":1,"href":"https:\/\/imprimeideas.es\/en\/wp-json\/wp\/v2\/product\/36988\/revisions"}],"predecessor-version":[{"id":60212,"href":"https:\/\/imprimeideas.es\/en\/wp-json\/wp\/v2\/product\/36988\/revisions\/60212"}],"wp:featuredmedia":[{"embeddable":true,"href":"https:\/\/imprimeideas.es\/en\/wp-json\/wp\/v2\/media\/71920"}],"wp:attachment":[{"href":"https:\/\/imprimeideas.es\/en\/wp-json\/wp\/v2\/media?parent=36988"}],"wp:term":[{"taxonomy":"product_brand","embeddable":true,"href":"https:\/\/imprimeideas.es\/en\/wp-json\/wp\/v2\/product_brand?post=36988"},{"taxonomy":"product_cat","embeddable":true,"href":"https:\/\/imprimeideas.es\/en\/wp-json\/wp\/v2\/product_cat?post=36988"},{"taxonomy":"product_tag","embeddable":true,"href":"https:\/\/imprimeideas.es\/en\/wp-json\/wp\/v2\/product_tag?post=36988"}],"curies":[{"name":"wp","href":"https:\/\/api.w.org\/{rel}","templated":true}]}}