{"id":36985,"date":"2026-02-24T11:13:05","date_gmt":"2026-02-24T10:13:05","guid":{"rendered":"https:\/\/imprimeideas.es\/?post_type=product&p=36985"},"modified":"2026-02-26T18:08:17","modified_gmt":"2026-02-26T17:08:17","slug":"organizador-cargador-merson","status":"publish","type":"product","link":"https:\/\/imprimeideas.es\/en\/product\/organizador-cargador-merson\/","title":{"rendered":"Organizador Cargador Merson"},"content":{"rendered":"<p>Elegante y pr\u00e1ctico organizador cargador en polipiel. Cargador inal\u00e1mbrico integrado con luz indicadora de carga y ajustable a cualquier tama\u00f1o de bloc de notas. Incluye soporte para bol\u00edgrafo y multitud de bolsillos para tarjetas y otros accesorios. Disponible en variada gama de colores, con cierre de corchete y bandas el\u00e1sticas. Cable micro USB incluido.<\/p>","protected":false},"excerpt":{"rendered":"<p>Inal\u00e1mbrico 5W<\/p>","protected":false},"featured_media":76150,"comment_status":"open","ping_status":"open","template":"","meta":{"inline_featured_image":false},"product_brand":[],"product_cat":[96,128],"product_tag":[],"class_list":{"0":"post-36985","1":"product","2":"type-product","3":"status-publish","4":"has-post-thumbnail","6":"product_cat-oficina-y-negocios","7":"product_cat-outlet","9":"first","10":"instock","11":"taxable","12":"shipping-taxable","13":"purchasable","14":"product-type-variable","15":"has-default-attributes"},"aioseo_notices":[],"_links":{"self":[{"href":"https:\/\/imprimeideas.es\/en\/wp-json\/wp\/v2\/product\/36985","targetHints":{"allow":["GET"]}}],"collection":[{"href":"https:\/\/imprimeideas.es\/en\/wp-json\/wp\/v2\/product"}],"about":[{"href":"https:\/\/imprimeideas.es\/en\/wp-json\/wp\/v2\/types\/product"}],"replies":[{"embeddable":true,"href":"https:\/\/imprimeideas.es\/en\/wp-json\/wp\/v2\/comments?post=36985"}],"version-history":[{"count":1,"href":"https:\/\/imprimeideas.es\/en\/wp-json\/wp\/v2\/product\/36985\/revisions"}],"predecessor-version":[{"id":60211,"href":"https:\/\/imprimeideas.es\/en\/wp-json\/wp\/v2\/product\/36985\/revisions\/60211"}],"wp:featuredmedia":[{"embeddable":true,"href":"https:\/\/imprimeideas.es\/en\/wp-json\/wp\/v2\/media\/76150"}],"wp:attachment":[{"href":"https:\/\/imprimeideas.es\/en\/wp-json\/wp\/v2\/media?parent=36985"}],"wp:term":[{"taxonomy":"product_brand","embeddable":true,"href":"https:\/\/imprimeideas.es\/en\/wp-json\/wp\/v2\/product_brand?post=36985"},{"taxonomy":"product_cat","embeddable":true,"href":"https:\/\/imprimeideas.es\/en\/wp-json\/wp\/v2\/product_cat?post=36985"},{"taxonomy":"product_tag","embeddable":true,"href":"https:\/\/imprimeideas.es\/en\/wp-json\/wp\/v2\/product_tag?post=36985"}],"curies":[{"name":"wp","href":"https:\/\/api.w.org\/{rel}","templated":true}]}}