{"id":36972,"date":"2026-02-24T11:13:04","date_gmt":"2026-02-24T10:13:04","guid":{"rendered":"https:\/\/imprimeideas.es\/?post_type=product&p=36972"},"modified":"2026-02-26T18:28:07","modified_gmt":"2026-02-26T17:28:07","slug":"boligrafo-valvek","status":"publish","type":"product","link":"https:\/\/imprimeideas.es\/en\/product\/boligrafo-valvek\/","title":{"rendered":"Bol\u00edgrafo Valvek"},"content":{"rendered":"<p>Bol\u00edgrafo de l\u00ednea nature en cart\u00f3n reciclado y original capucha a juego. Con tinta azul y disponible en variada gama de colores nature.<\/p>","protected":false},"excerpt":{"rendered":"<p>Bol\u00edgrafo de l\u00ednea nature en cart\u00f3n reciclado y original capucha a juego. Con tinta azul y disponible en variada gama<\/p>","protected":false},"featured_media":81860,"comment_status":"open","ping_status":"open","template":"","meta":{"inline_featured_image":false},"product_brand":[],"product_cat":[122,100],"product_tag":[],"class_list":{"0":"post-36972","1":"product","2":"type-product","3":"status-publish","4":"has-post-thumbnail","6":"product_cat-articulos-sostenibles","7":"product_cat-escritura","9":"first","10":"instock","11":"taxable","12":"shipping-taxable","13":"purchasable","14":"product-type-variable","15":"has-default-attributes"},"aioseo_notices":[],"_links":{"self":[{"href":"https:\/\/imprimeideas.es\/en\/wp-json\/wp\/v2\/product\/36972","targetHints":{"allow":["GET"]}}],"collection":[{"href":"https:\/\/imprimeideas.es\/en\/wp-json\/wp\/v2\/product"}],"about":[{"href":"https:\/\/imprimeideas.es\/en\/wp-json\/wp\/v2\/types\/product"}],"replies":[{"embeddable":true,"href":"https:\/\/imprimeideas.es\/en\/wp-json\/wp\/v2\/comments?post=36972"}],"version-history":[{"count":1,"href":"https:\/\/imprimeideas.es\/en\/wp-json\/wp\/v2\/product\/36972\/revisions"}],"predecessor-version":[{"id":60207,"href":"https:\/\/imprimeideas.es\/en\/wp-json\/wp\/v2\/product\/36972\/revisions\/60207"}],"wp:featuredmedia":[{"embeddable":true,"href":"https:\/\/imprimeideas.es\/en\/wp-json\/wp\/v2\/media\/81860"}],"wp:attachment":[{"href":"https:\/\/imprimeideas.es\/en\/wp-json\/wp\/v2\/media?parent=36972"}],"wp:term":[{"taxonomy":"product_brand","embeddable":true,"href":"https:\/\/imprimeideas.es\/en\/wp-json\/wp\/v2\/product_brand?post=36972"},{"taxonomy":"product_cat","embeddable":true,"href":"https:\/\/imprimeideas.es\/en\/wp-json\/wp\/v2\/product_cat?post=36972"},{"taxonomy":"product_tag","embeddable":true,"href":"https:\/\/imprimeideas.es\/en\/wp-json\/wp\/v2\/product_tag?post=36972"}],"curies":[{"name":"wp","href":"https:\/\/api.w.org\/{rel}","templated":true}]}}