{"id":36937,"date":"2026-02-24T11:12:42","date_gmt":"2026-02-24T10:12:42","guid":{"rendered":"https:\/\/imprimeideas.es\/?post_type=product&p=36937"},"modified":"2026-02-26T18:13:38","modified_gmt":"2026-02-26T17:13:38","slug":"paraguas-brosian","status":"publish","type":"product","link":"https:\/\/imprimeideas.es\/en\/product\/paraguas-brosian\/","title":{"rendered":"Paraguas Brosian"},"content":{"rendered":"<p>Paraguas plegable de l\u00ednea nature de 95cm de di\u00e1metro. En material pongee 190T RPET, elaborado a partir de pl\u00e1stico reciclado, para as\u00ed fomentar la reutilizaci\u00f3n de residuos pl\u00e1sticos y ayudar a la sostenibilidad del planeta. De apertura manual, con sistema anti viento y varillas met\u00e1licas. Mango de madera, con funda de transporte y cintas a juego. Con etiqueta distintiva RPET<\/p>","protected":false},"excerpt":{"rendered":"<p>21&#8243;. Sistema Antiviento. Mango Madera. Funda Pongee<\/p>","protected":false},"featured_media":77474,"comment_status":"open","ping_status":"open","template":"","meta":{"inline_featured_image":false},"product_brand":[],"product_cat":[122,118,115],"product_tag":[],"class_list":{"0":"post-36937","1":"product","2":"type-product","3":"status-publish","4":"has-post-thumbnail","6":"product_cat-articulos-sostenibles","7":"product_cat-lluvia-y-frio","8":"product_cat-sublimacion","10":"first","11":"instock","12":"taxable","13":"shipping-taxable","14":"purchasable","15":"product-type-variable","16":"has-default-attributes"},"aioseo_notices":[],"_links":{"self":[{"href":"https:\/\/imprimeideas.es\/en\/wp-json\/wp\/v2\/product\/36937","targetHints":{"allow":["GET"]}}],"collection":[{"href":"https:\/\/imprimeideas.es\/en\/wp-json\/wp\/v2\/product"}],"about":[{"href":"https:\/\/imprimeideas.es\/en\/wp-json\/wp\/v2\/types\/product"}],"replies":[{"embeddable":true,"href":"https:\/\/imprimeideas.es\/en\/wp-json\/wp\/v2\/comments?post=36937"}],"version-history":[{"count":1,"href":"https:\/\/imprimeideas.es\/en\/wp-json\/wp\/v2\/product\/36937\/revisions"}],"predecessor-version":[{"id":60204,"href":"https:\/\/imprimeideas.es\/en\/wp-json\/wp\/v2\/product\/36937\/revisions\/60204"}],"wp:featuredmedia":[{"embeddable":true,"href":"https:\/\/imprimeideas.es\/en\/wp-json\/wp\/v2\/media\/77474"}],"wp:attachment":[{"href":"https:\/\/imprimeideas.es\/en\/wp-json\/wp\/v2\/media?parent=36937"}],"wp:term":[{"taxonomy":"product_brand","embeddable":true,"href":"https:\/\/imprimeideas.es\/en\/wp-json\/wp\/v2\/product_brand?post=36937"},{"taxonomy":"product_cat","embeddable":true,"href":"https:\/\/imprimeideas.es\/en\/wp-json\/wp\/v2\/product_cat?post=36937"},{"taxonomy":"product_tag","embeddable":true,"href":"https:\/\/imprimeideas.es\/en\/wp-json\/wp\/v2\/product_tag?post=36937"}],"curies":[{"name":"wp","href":"https:\/\/api.w.org\/{rel}","templated":true}]}}