{"id":36910,"date":"2026-02-24T11:12:40","date_gmt":"2026-02-24T10:12:40","guid":{"rendered":"https:\/\/imprimeideas.es\/?post_type=product&p=36910"},"modified":"2026-02-26T18:37:37","modified_gmt":"2026-02-26T17:37:37","slug":"auriculares-power-bank-molik","status":"publish","type":"product","link":"https:\/\/imprimeideas.es\/en\/product\/auriculares-power-bank-molik\/","title":{"rendered":"Auriculares Power Bank Molik"},"content":{"rendered":"<p>Set de auriculares intraurales con bater\u00eda auxiliar externa y carga inal\u00e1mbrica. Auriculares Bluetooth 4.2 en elegante color blanco, con controles integrados y funci\u00f3n manos libres. Base de carga a juego, con bater\u00eda auxiliar externa de carga inal\u00e1mbrica o por cable de 5.200 mAh de capacidad y conexi\u00f3n de entrada Tipo C. Recargables mediante puerto USB -cable incluido- y base con tapa de bisagra. Presentados en atractiva caja de dise\u00f1o. Las capacidades mostradas en todas nuestras bater\u00edas auxiliares externas son reales, incorporando todas ellas bater\u00edas de grado A y no recicladas, con una vida \u00fatil de al menos 500 ciclos de carga y seg\u00fan normativa CE. Adem\u00e1s, est\u00e1n fabricadas conforme a los est\u00e1ndares RoHS y en cumplimiento con los siguientes requisitos de seguridad: Sistema de protecci\u00f3n contra sobrecarga del power bank. Sistema de protecci\u00f3n contra descarga completa que proporciona una mayor durabilidad del power bank. Sistema de bloqueo para evitar cortocircuitos. Sistema<\/p>","protected":false},"excerpt":{"rendered":"<p>Inal\u00e1mbrico 5W. 5200 mAh. Salida USB. Entrada Tipo C. Conexi\u00f3n Bluetooth. Bater\u00eda 35 mAh<\/p>","protected":false},"featured_media":82127,"comment_status":"open","ping_status":"open","template":"","meta":{"inline_featured_image":false},"product_brand":[],"product_cat":[95,103],"product_tag":[],"class_list":{"0":"post-36910","1":"product","2":"type-product","3":"status-publish","4":"has-post-thumbnail","6":"product_cat-tecnologia-y-accesorios","7":"product_cat-viaje","9":"first","10":"instock","11":"taxable","12":"shipping-taxable","13":"purchasable","14":"product-type-variable","15":"has-default-attributes"},"aioseo_notices":[],"_links":{"self":[{"href":"https:\/\/imprimeideas.es\/en\/wp-json\/wp\/v2\/product\/36910","targetHints":{"allow":["GET"]}}],"collection":[{"href":"https:\/\/imprimeideas.es\/en\/wp-json\/wp\/v2\/product"}],"about":[{"href":"https:\/\/imprimeideas.es\/en\/wp-json\/wp\/v2\/types\/product"}],"replies":[{"embeddable":true,"href":"https:\/\/imprimeideas.es\/en\/wp-json\/wp\/v2\/comments?post=36910"}],"version-history":[{"count":1,"href":"https:\/\/imprimeideas.es\/en\/wp-json\/wp\/v2\/product\/36910\/revisions"}],"predecessor-version":[{"id":60196,"href":"https:\/\/imprimeideas.es\/en\/wp-json\/wp\/v2\/product\/36910\/revisions\/60196"}],"wp:featuredmedia":[{"embeddable":true,"href":"https:\/\/imprimeideas.es\/en\/wp-json\/wp\/v2\/media\/82127"}],"wp:attachment":[{"href":"https:\/\/imprimeideas.es\/en\/wp-json\/wp\/v2\/media?parent=36910"}],"wp:term":[{"taxonomy":"product_brand","embeddable":true,"href":"https:\/\/imprimeideas.es\/en\/wp-json\/wp\/v2\/product_brand?post=36910"},{"taxonomy":"product_cat","embeddable":true,"href":"https:\/\/imprimeideas.es\/en\/wp-json\/wp\/v2\/product_cat?post=36910"},{"taxonomy":"product_tag","embeddable":true,"href":"https:\/\/imprimeideas.es\/en\/wp-json\/wp\/v2\/product_tag?post=36910"}],"curies":[{"name":"wp","href":"https:\/\/api.w.org\/{rel}","templated":true}]}}