{"id":36898,"date":"2026-02-24T11:12:39","date_gmt":"2026-02-24T10:12:39","guid":{"rendered":"https:\/\/imprimeideas.es\/?post_type=product&p=36898"},"modified":"2026-02-26T18:27:57","modified_gmt":"2026-02-26T17:27:57","slug":"bidon-pruler","status":"publish","type":"product","link":"https:\/\/imprimeideas.es\/en\/product\/bidon-pruler\/","title":{"rendered":"Bid\u00f3n Pruler"},"content":{"rendered":"<p>Bid\u00f3n en alta calidad de 530ml de capacidad en material trit\u00e1n resistente al calor y libre de BPA. Disponible en variada gama de colores transl\u00facidos, con tap\u00f3n de rosca a juego.<\/p>","protected":false},"excerpt":{"rendered":"<p>530 ml<\/p>","protected":false},"featured_media":78529,"comment_status":"open","ping_status":"open","template":"","meta":{"inline_featured_image":false},"product_brand":[],"product_cat":[97],"product_tag":[],"class_list":{"0":"post-36898","1":"product","2":"type-product","3":"status-publish","4":"has-post-thumbnail","6":"product_cat-tazas-jarras-y-termos","8":"first","9":"instock","10":"taxable","11":"shipping-taxable","12":"purchasable","13":"product-type-variable","14":"has-default-attributes"},"aioseo_notices":[],"_links":{"self":[{"href":"https:\/\/imprimeideas.es\/en\/wp-json\/wp\/v2\/product\/36898","targetHints":{"allow":["GET"]}}],"collection":[{"href":"https:\/\/imprimeideas.es\/en\/wp-json\/wp\/v2\/product"}],"about":[{"href":"https:\/\/imprimeideas.es\/en\/wp-json\/wp\/v2\/types\/product"}],"replies":[{"embeddable":true,"href":"https:\/\/imprimeideas.es\/en\/wp-json\/wp\/v2\/comments?post=36898"}],"version-history":[{"count":1,"href":"https:\/\/imprimeideas.es\/en\/wp-json\/wp\/v2\/product\/36898\/revisions"}],"predecessor-version":[{"id":60194,"href":"https:\/\/imprimeideas.es\/en\/wp-json\/wp\/v2\/product\/36898\/revisions\/60194"}],"wp:featuredmedia":[{"embeddable":true,"href":"https:\/\/imprimeideas.es\/en\/wp-json\/wp\/v2\/media\/78529"}],"wp:attachment":[{"href":"https:\/\/imprimeideas.es\/en\/wp-json\/wp\/v2\/media?parent=36898"}],"wp:term":[{"taxonomy":"product_brand","embeddable":true,"href":"https:\/\/imprimeideas.es\/en\/wp-json\/wp\/v2\/product_brand?post=36898"},{"taxonomy":"product_cat","embeddable":true,"href":"https:\/\/imprimeideas.es\/en\/wp-json\/wp\/v2\/product_cat?post=36898"},{"taxonomy":"product_tag","embeddable":true,"href":"https:\/\/imprimeideas.es\/en\/wp-json\/wp\/v2\/product_tag?post=36898"}],"curies":[{"name":"wp","href":"https:\/\/api.w.org\/{rel}","templated":true}]}}