{"id":36877,"date":"2026-02-24T11:12:37","date_gmt":"2026-02-24T10:12:37","guid":{"rendered":"https:\/\/imprimeideas.es\/?post_type=product&p=36877"},"modified":"2026-02-26T18:37:40","modified_gmt":"2026-02-26T17:37:40","slug":"taza-sublimacion-gover","status":"publish","type":"product","link":"https:\/\/imprimeideas.es\/en\/product\/taza-sublimacion-gover\/","title":{"rendered":"Taza Sublimaci\u00f3n Gover"},"content":{"rendered":"<p>Taza de cer\u00e1mica de 300ml de capacidad con dise\u00f1o vintage. En elegante dise\u00f1o bicolor, con anilla coloreada en el borde y cuerpo en color blanco. Especialmente dise\u00f1ada para marcaje en sublimaci\u00f3n. Presentada en caja individual.Disponible manual de instrucciones en espa\u00f1ol e ingl\u00e9s.<\/p>","protected":false},"excerpt":{"rendered":"<p>300 ml<\/p>","protected":false},"featured_media":70287,"comment_status":"open","ping_status":"open","template":"","meta":{"inline_featured_image":false},"product_brand":[],"product_cat":[115,97],"product_tag":[],"class_list":{"0":"post-36877","1":"product","2":"type-product","3":"status-publish","4":"has-post-thumbnail","6":"product_cat-sublimacion","7":"product_cat-tazas-jarras-y-termos","9":"first","10":"instock","11":"taxable","12":"shipping-taxable","13":"purchasable","14":"product-type-variable","15":"has-default-attributes"},"aioseo_notices":[],"_links":{"self":[{"href":"https:\/\/imprimeideas.es\/en\/wp-json\/wp\/v2\/product\/36877","targetHints":{"allow":["GET"]}}],"collection":[{"href":"https:\/\/imprimeideas.es\/en\/wp-json\/wp\/v2\/product"}],"about":[{"href":"https:\/\/imprimeideas.es\/en\/wp-json\/wp\/v2\/types\/product"}],"replies":[{"embeddable":true,"href":"https:\/\/imprimeideas.es\/en\/wp-json\/wp\/v2\/comments?post=36877"}],"version-history":[{"count":1,"href":"https:\/\/imprimeideas.es\/en\/wp-json\/wp\/v2\/product\/36877\/revisions"}],"predecessor-version":[{"id":60189,"href":"https:\/\/imprimeideas.es\/en\/wp-json\/wp\/v2\/product\/36877\/revisions\/60189"}],"wp:featuredmedia":[{"embeddable":true,"href":"https:\/\/imprimeideas.es\/en\/wp-json\/wp\/v2\/media\/70287"}],"wp:attachment":[{"href":"https:\/\/imprimeideas.es\/en\/wp-json\/wp\/v2\/media?parent=36877"}],"wp:term":[{"taxonomy":"product_brand","embeddable":true,"href":"https:\/\/imprimeideas.es\/en\/wp-json\/wp\/v2\/product_brand?post=36877"},{"taxonomy":"product_cat","embeddable":true,"href":"https:\/\/imprimeideas.es\/en\/wp-json\/wp\/v2\/product_cat?post=36877"},{"taxonomy":"product_tag","embeddable":true,"href":"https:\/\/imprimeideas.es\/en\/wp-json\/wp\/v2\/product_tag?post=36877"}],"curies":[{"name":"wp","href":"https:\/\/api.w.org\/{rel}","templated":true}]}}