{"id":36848,"date":"2026-02-24T11:12:35","date_gmt":"2026-02-24T10:12:35","guid":{"rendered":"https:\/\/imprimeideas.es\/?post_type=product&p=36848"},"modified":"2026-02-26T18:19:36","modified_gmt":"2026-02-26T17:19:36","slug":"power-bank-kustol","status":"publish","type":"product","link":"https:\/\/imprimeideas.es\/en\/product\/power-bank-kustol\/","title":{"rendered":"Power Bank Kustol"},"content":{"rendered":"<p>Bater\u00eda auxiliar externa de 4.000 mAh de capacidad de carga. Con luz led interior y un recubrimiento exterior especialmente dise\u00f1ado para marcaje en l\u00e1ser, con el que conseguir\u00e1 que su publicidad o marca quede iluminada con luz blanca. Indicador de estado de carga, con salida USB y entrada micro USB -cable incluido-. Con amplia superficie de marcaje y presentada en atractiva caja de dise\u00f1o. Las capacidades mostradas en todas nuestras bater\u00edas auxiliares externas son reales, incorporando todas ellas bater\u00edas de grado A y no recicladas, con una vida \u00fatil de al menos 500 ciclos de carga y seg\u00fan normativa CE. Adem\u00e1s, est\u00e1n fabricadas conforme a los est\u00e1ndares RoHS y en cumplimiento con los siguientes requisitos de seguridad: Sistema de protecci\u00f3n contra sobrecarga del power bank. Sistema de protecci\u00f3n contra descarga completa que proporciona una mayor durabilidad del power bank. Sistema de bloqueo para evitar cortocircuitos. Sistema de transferencia de carga constante, acorde con<\/p>","protected":false},"excerpt":{"rendered":"<p>Luces Led. 4000 mAh. Salida USB. Salida y Entrada Tipo C<\/p>","protected":false},"featured_media":83204,"comment_status":"open","ping_status":"open","template":"","meta":{"inline_featured_image":false},"product_brand":[],"product_cat":[95],"product_tag":[],"class_list":{"0":"post-36848","1":"product","2":"type-product","3":"status-publish","4":"has-post-thumbnail","6":"product_cat-tecnologia-y-accesorios","8":"first","9":"instock","10":"taxable","11":"shipping-taxable","12":"purchasable","13":"product-type-variable","14":"has-default-attributes"},"aioseo_notices":[],"_links":{"self":[{"href":"https:\/\/imprimeideas.es\/en\/wp-json\/wp\/v2\/product\/36848","targetHints":{"allow":["GET"]}}],"collection":[{"href":"https:\/\/imprimeideas.es\/en\/wp-json\/wp\/v2\/product"}],"about":[{"href":"https:\/\/imprimeideas.es\/en\/wp-json\/wp\/v2\/types\/product"}],"replies":[{"embeddable":true,"href":"https:\/\/imprimeideas.es\/en\/wp-json\/wp\/v2\/comments?post=36848"}],"version-history":[{"count":1,"href":"https:\/\/imprimeideas.es\/en\/wp-json\/wp\/v2\/product\/36848\/revisions"}],"predecessor-version":[{"id":60177,"href":"https:\/\/imprimeideas.es\/en\/wp-json\/wp\/v2\/product\/36848\/revisions\/60177"}],"wp:featuredmedia":[{"embeddable":true,"href":"https:\/\/imprimeideas.es\/en\/wp-json\/wp\/v2\/media\/83204"}],"wp:attachment":[{"href":"https:\/\/imprimeideas.es\/en\/wp-json\/wp\/v2\/media?parent=36848"}],"wp:term":[{"taxonomy":"product_brand","embeddable":true,"href":"https:\/\/imprimeideas.es\/en\/wp-json\/wp\/v2\/product_brand?post=36848"},{"taxonomy":"product_cat","embeddable":true,"href":"https:\/\/imprimeideas.es\/en\/wp-json\/wp\/v2\/product_cat?post=36848"},{"taxonomy":"product_tag","embeddable":true,"href":"https:\/\/imprimeideas.es\/en\/wp-json\/wp\/v2\/product_tag?post=36848"}],"curies":[{"name":"wp","href":"https:\/\/api.w.org\/{rel}","templated":true}]}}