{"id":36843,"date":"2026-02-24T11:12:34","date_gmt":"2026-02-24T10:12:34","guid":{"rendered":"https:\/\/imprimeideas.es\/?post_type=product&p=36843"},"modified":"2026-02-26T18:37:28","modified_gmt":"2026-02-26T17:37:28","slug":"lampara-multifuncion-lerex","status":"publish","type":"product","link":"https:\/\/imprimeideas.es\/en\/product\/lampara-multifuncion-lerex\/","title":{"rendered":"L\u00e1mpara Multifunci\u00f3n Lerex"},"content":{"rendered":"<p>L\u00e1mpara multifunci\u00f3n todo en uno en acabado blanco, con altavoz Bluetooth 4.2 de 3W de potencia y cargador inal\u00e1mbrico integrados. 14 LEDs y 3 posiciones de iluminaci\u00f3n (c\u00e1lida, fr\u00eda y media), ajustable en altura. Compatible con dispositivos m\u00f3viles de carga inal\u00e1mbrica, con cable cargador micro USB y viene presentada en una atractiva caja de dise\u00f1o.<\/p>","protected":false},"excerpt":{"rendered":"<p>Flexible. 3 Posiciones de Luz. Intensidad de Luz Regulable. Altavoz Conexi\u00f3n Bluetooth. Potencia Sonido 3W. Conexi\u00f3n USB. Cargador Inal\u00e1mbrico 10W<\/p>","protected":false},"featured_media":68868,"comment_status":"open","ping_status":"open","template":"","meta":{"inline_featured_image":false},"product_brand":[],"product_cat":[96,95],"product_tag":[],"class_list":{"0":"post-36843","1":"product","2":"type-product","3":"status-publish","4":"has-post-thumbnail","6":"product_cat-oficina-y-negocios","7":"product_cat-tecnologia-y-accesorios","9":"first","10":"instock","11":"taxable","12":"shipping-taxable","13":"purchasable","14":"product-type-variable","15":"has-default-attributes"},"aioseo_notices":[],"_links":{"self":[{"href":"https:\/\/imprimeideas.es\/en\/wp-json\/wp\/v2\/product\/36843","targetHints":{"allow":["GET"]}}],"collection":[{"href":"https:\/\/imprimeideas.es\/en\/wp-json\/wp\/v2\/product"}],"about":[{"href":"https:\/\/imprimeideas.es\/en\/wp-json\/wp\/v2\/types\/product"}],"replies":[{"embeddable":true,"href":"https:\/\/imprimeideas.es\/en\/wp-json\/wp\/v2\/comments?post=36843"}],"version-history":[{"count":1,"href":"https:\/\/imprimeideas.es\/en\/wp-json\/wp\/v2\/product\/36843\/revisions"}],"predecessor-version":[{"id":60175,"href":"https:\/\/imprimeideas.es\/en\/wp-json\/wp\/v2\/product\/36843\/revisions\/60175"}],"wp:featuredmedia":[{"embeddable":true,"href":"https:\/\/imprimeideas.es\/en\/wp-json\/wp\/v2\/media\/68868"}],"wp:attachment":[{"href":"https:\/\/imprimeideas.es\/en\/wp-json\/wp\/v2\/media?parent=36843"}],"wp:term":[{"taxonomy":"product_brand","embeddable":true,"href":"https:\/\/imprimeideas.es\/en\/wp-json\/wp\/v2\/product_brand?post=36843"},{"taxonomy":"product_cat","embeddable":true,"href":"https:\/\/imprimeideas.es\/en\/wp-json\/wp\/v2\/product_cat?post=36843"},{"taxonomy":"product_tag","embeddable":true,"href":"https:\/\/imprimeideas.es\/en\/wp-json\/wp\/v2\/product_tag?post=36843"}],"curies":[{"name":"wp","href":"https:\/\/api.w.org\/{rel}","templated":true}]}}