{"id":36841,"date":"2026-02-24T11:12:34","date_gmt":"2026-02-24T10:12:34","guid":{"rendered":"https:\/\/imprimeideas.es\/?post_type=product&p=36841"},"modified":"2026-02-26T18:08:16","modified_gmt":"2026-02-26T17:08:16","slug":"auriculares-magnel","status":"publish","type":"product","link":"https:\/\/imprimeideas.es\/en\/product\/auriculares-magnel\/","title":{"rendered":"Auriculares Magnel"},"content":{"rendered":"<p>Auriculares de diadema con conexi\u00f3n Bluetooth 4.2 y elegante dise\u00f1o en color blanco con marco cromado. De suave acabado con tacto goma, con almohadillas ergon\u00f3micas en suave polipiel. Con panel de control integrado en el auricular, funci\u00f3n manos libres, cable de l\u00ednea jack 3.5mm y recargables mediante cable micro USB -incluido-. Presentado en atractiva caja de dise\u00f1o.<\/p>","protected":false},"excerpt":{"rendered":"<p>Conexi\u00f3n Bluetooth. Conexi\u00f3n Jack 3,5 mm. Bater\u00eda 150 mAh<\/p>","protected":false},"featured_media":66123,"comment_status":"open","ping_status":"open","template":"","meta":{"inline_featured_image":false},"product_brand":[],"product_cat":[95],"product_tag":[],"class_list":{"0":"post-36841","1":"product","2":"type-product","3":"status-publish","4":"has-post-thumbnail","6":"product_cat-tecnologia-y-accesorios","8":"first","9":"outofstock","10":"taxable","11":"shipping-taxable","12":"purchasable","13":"product-type-variable","14":"has-default-attributes"},"aioseo_notices":[],"_links":{"self":[{"href":"https:\/\/imprimeideas.es\/en\/wp-json\/wp\/v2\/product\/36841","targetHints":{"allow":["GET"]}}],"collection":[{"href":"https:\/\/imprimeideas.es\/en\/wp-json\/wp\/v2\/product"}],"about":[{"href":"https:\/\/imprimeideas.es\/en\/wp-json\/wp\/v2\/types\/product"}],"replies":[{"embeddable":true,"href":"https:\/\/imprimeideas.es\/en\/wp-json\/wp\/v2\/comments?post=36841"}],"version-history":[{"count":1,"href":"https:\/\/imprimeideas.es\/en\/wp-json\/wp\/v2\/product\/36841\/revisions"}],"predecessor-version":[{"id":60174,"href":"https:\/\/imprimeideas.es\/en\/wp-json\/wp\/v2\/product\/36841\/revisions\/60174"}],"wp:featuredmedia":[{"embeddable":true,"href":"https:\/\/imprimeideas.es\/en\/wp-json\/wp\/v2\/media\/66123"}],"wp:attachment":[{"href":"https:\/\/imprimeideas.es\/en\/wp-json\/wp\/v2\/media?parent=36841"}],"wp:term":[{"taxonomy":"product_brand","embeddable":true,"href":"https:\/\/imprimeideas.es\/en\/wp-json\/wp\/v2\/product_brand?post=36841"},{"taxonomy":"product_cat","embeddable":true,"href":"https:\/\/imprimeideas.es\/en\/wp-json\/wp\/v2\/product_cat?post=36841"},{"taxonomy":"product_tag","embeddable":true,"href":"https:\/\/imprimeideas.es\/en\/wp-json\/wp\/v2\/product_tag?post=36841"}],"curies":[{"name":"wp","href":"https:\/\/api.w.org\/{rel}","templated":true}]}}