{"id":36827,"date":"2026-02-24T11:12:33","date_gmt":"2026-02-24T10:12:33","guid":{"rendered":"https:\/\/imprimeideas.es\/?post_type=product&p=36827"},"modified":"2026-02-26T18:13:38","modified_gmt":"2026-02-26T17:13:38","slug":"lampara-demil","status":"publish","type":"product","link":"https:\/\/imprimeideas.es\/en\/product\/lampara-demil\/","title":{"rendered":"L\u00e1mpara Demil"},"content":{"rendered":"<p>Potente l\u00e1mpara plegable para los m\u00e1s aventureros. En resistente material de acabado brillante, incluye 30 luces LED en 3 tiras COB. Tono de iluminaci\u00f3n blanco, con pr\u00e1cticas asas met\u00e1licas para el transporte. Alimentaci\u00f3n a pilas (3xAAA no incluidas) y presentada en atractiva caja de dise\u00f1o.<\/p>","protected":false},"excerpt":{"rendered":"<p>30 Luces COB. 3 Pilas AAA No Incluidas<\/p>","protected":false},"featured_media":82632,"comment_status":"open","ping_status":"open","template":"","meta":{"inline_featured_image":false},"product_brand":[],"product_cat":[101,102],"product_tag":[],"class_list":{"0":"post-36827","1":"product","2":"type-product","3":"status-publish","4":"has-post-thumbnail","6":"product_cat-deporte-y-aventura","7":"product_cat-ocio-y-tiempo-libre","9":"first","10":"instock","11":"taxable","12":"shipping-taxable","13":"purchasable","14":"product-type-variable","15":"has-default-attributes"},"aioseo_notices":[],"_links":{"self":[{"href":"https:\/\/imprimeideas.es\/en\/wp-json\/wp\/v2\/product\/36827","targetHints":{"allow":["GET"]}}],"collection":[{"href":"https:\/\/imprimeideas.es\/en\/wp-json\/wp\/v2\/product"}],"about":[{"href":"https:\/\/imprimeideas.es\/en\/wp-json\/wp\/v2\/types\/product"}],"replies":[{"embeddable":true,"href":"https:\/\/imprimeideas.es\/en\/wp-json\/wp\/v2\/comments?post=36827"}],"version-history":[{"count":1,"href":"https:\/\/imprimeideas.es\/en\/wp-json\/wp\/v2\/product\/36827\/revisions"}],"predecessor-version":[{"id":60168,"href":"https:\/\/imprimeideas.es\/en\/wp-json\/wp\/v2\/product\/36827\/revisions\/60168"}],"wp:featuredmedia":[{"embeddable":true,"href":"https:\/\/imprimeideas.es\/en\/wp-json\/wp\/v2\/media\/82632"}],"wp:attachment":[{"href":"https:\/\/imprimeideas.es\/en\/wp-json\/wp\/v2\/media?parent=36827"}],"wp:term":[{"taxonomy":"product_brand","embeddable":true,"href":"https:\/\/imprimeideas.es\/en\/wp-json\/wp\/v2\/product_brand?post=36827"},{"taxonomy":"product_cat","embeddable":true,"href":"https:\/\/imprimeideas.es\/en\/wp-json\/wp\/v2\/product_cat?post=36827"},{"taxonomy":"product_tag","embeddable":true,"href":"https:\/\/imprimeideas.es\/en\/wp-json\/wp\/v2\/product_tag?post=36827"}],"curies":[{"name":"wp","href":"https:\/\/api.w.org\/{rel}","templated":true}]}}