{"id":36818,"date":"2026-02-24T11:12:32","date_gmt":"2026-02-24T10:12:32","guid":{"rendered":"https:\/\/imprimeideas.es\/?post_type=product&p=36818"},"modified":"2026-02-26T18:03:06","modified_gmt":"2026-02-26T17:03:06","slug":"linterna-vilox","status":"publish","type":"product","link":"https:\/\/imprimeideas.es\/en\/product\/linterna-vilox\/","title":{"rendered":"Linterna Vilox"},"content":{"rendered":"<p>Linterna de l\u00ednea deportiva con cinta el\u00e1stica ajustable para brazo, cabeza? Con 8 luces COB blancas y 3 posiciones de iluminaci\u00f3n (2 posiciones fijas y 1 posici\u00f3n intermitente). Disponible en variada gama de colores, con alimentaci\u00f3n a pilas (3xAAA no incluidas) y presentada en una atractiva caja de dise\u00f1o.<\/p>","protected":false},"excerpt":{"rendered":"<p>8 Luces COB. 3 Posiciones de Luz, Fija e Intermitente. 3 Pilas AAA No Incluidas<\/p>","protected":false},"featured_media":76816,"comment_status":"open","ping_status":"open","template":"","meta":{"inline_featured_image":false},"product_brand":[],"product_cat":[101,102],"product_tag":[],"class_list":{"0":"post-36818","1":"product","2":"type-product","3":"status-publish","4":"has-post-thumbnail","6":"product_cat-deporte-y-aventura","7":"product_cat-ocio-y-tiempo-libre","9":"first","10":"instock","11":"taxable","12":"shipping-taxable","13":"purchasable","14":"product-type-variable","15":"has-default-attributes"},"aioseo_notices":[],"_links":{"self":[{"href":"https:\/\/imprimeideas.es\/en\/wp-json\/wp\/v2\/product\/36818","targetHints":{"allow":["GET"]}}],"collection":[{"href":"https:\/\/imprimeideas.es\/en\/wp-json\/wp\/v2\/product"}],"about":[{"href":"https:\/\/imprimeideas.es\/en\/wp-json\/wp\/v2\/types\/product"}],"replies":[{"embeddable":true,"href":"https:\/\/imprimeideas.es\/en\/wp-json\/wp\/v2\/comments?post=36818"}],"version-history":[{"count":1,"href":"https:\/\/imprimeideas.es\/en\/wp-json\/wp\/v2\/product\/36818\/revisions"}],"predecessor-version":[{"id":60166,"href":"https:\/\/imprimeideas.es\/en\/wp-json\/wp\/v2\/product\/36818\/revisions\/60166"}],"wp:featuredmedia":[{"embeddable":true,"href":"https:\/\/imprimeideas.es\/en\/wp-json\/wp\/v2\/media\/76816"}],"wp:attachment":[{"href":"https:\/\/imprimeideas.es\/en\/wp-json\/wp\/v2\/media?parent=36818"}],"wp:term":[{"taxonomy":"product_brand","embeddable":true,"href":"https:\/\/imprimeideas.es\/en\/wp-json\/wp\/v2\/product_brand?post=36818"},{"taxonomy":"product_cat","embeddable":true,"href":"https:\/\/imprimeideas.es\/en\/wp-json\/wp\/v2\/product_cat?post=36818"},{"taxonomy":"product_tag","embeddable":true,"href":"https:\/\/imprimeideas.es\/en\/wp-json\/wp\/v2\/product_tag?post=36818"}],"curies":[{"name":"wp","href":"https:\/\/api.w.org\/{rel}","templated":true}]}}