{"id":36775,"date":"2026-02-24T11:12:29","date_gmt":"2026-02-24T10:12:29","guid":{"rendered":"https:\/\/imprimeideas.es\/?post_type=product&p=36775"},"modified":"2026-02-26T18:37:26","modified_gmt":"2026-02-26T17:37:26","slug":"bolsa-plegable-dayfan","status":"publish","type":"product","link":"https:\/\/imprimeideas.es\/en\/product\/bolsa-plegable-dayfan\/","title":{"rendered":"Bolsa Plegable Dayfan"},"content":{"rendered":"<p>Bolsa plegable en llamativos colores. De suave poli\u00e9ster 190T, con c\u00f3modas asas y con cord\u00f3n a juego. Accesorio de ajuste para f\u00e1cil plegado.<\/p>","protected":false},"excerpt":{"rendered":"<p>Bolsa plegable en llamativos colores. De suave poli\u00e9ster 190T, con c\u00f3modas asas y con cord\u00f3n a juego. Accesorio de ajuste<\/p>","protected":false},"featured_media":68893,"comment_status":"open","ping_status":"open","template":"","meta":{"inline_featured_image":false},"product_brand":[],"product_cat":[99],"product_tag":[],"class_list":{"0":"post-36775","1":"product","2":"type-product","3":"status-publish","4":"has-post-thumbnail","6":"product_cat-bolsas","8":"first","9":"instock","10":"taxable","11":"shipping-taxable","12":"purchasable","13":"product-type-variable","14":"has-default-attributes"},"aioseo_notices":[],"_links":{"self":[{"href":"https:\/\/imprimeideas.es\/en\/wp-json\/wp\/v2\/product\/36775","targetHints":{"allow":["GET"]}}],"collection":[{"href":"https:\/\/imprimeideas.es\/en\/wp-json\/wp\/v2\/product"}],"about":[{"href":"https:\/\/imprimeideas.es\/en\/wp-json\/wp\/v2\/types\/product"}],"replies":[{"embeddable":true,"href":"https:\/\/imprimeideas.es\/en\/wp-json\/wp\/v2\/comments?post=36775"}],"version-history":[{"count":1,"href":"https:\/\/imprimeideas.es\/en\/wp-json\/wp\/v2\/product\/36775\/revisions"}],"predecessor-version":[{"id":60100,"href":"https:\/\/imprimeideas.es\/en\/wp-json\/wp\/v2\/product\/36775\/revisions\/60100"}],"wp:featuredmedia":[{"embeddable":true,"href":"https:\/\/imprimeideas.es\/en\/wp-json\/wp\/v2\/media\/68893"}],"wp:attachment":[{"href":"https:\/\/imprimeideas.es\/en\/wp-json\/wp\/v2\/media?parent=36775"}],"wp:term":[{"taxonomy":"product_brand","embeddable":true,"href":"https:\/\/imprimeideas.es\/en\/wp-json\/wp\/v2\/product_brand?post=36775"},{"taxonomy":"product_cat","embeddable":true,"href":"https:\/\/imprimeideas.es\/en\/wp-json\/wp\/v2\/product_cat?post=36775"},{"taxonomy":"product_tag","embeddable":true,"href":"https:\/\/imprimeideas.es\/en\/wp-json\/wp\/v2\/product_tag?post=36775"}],"curies":[{"name":"wp","href":"https:\/\/api.w.org\/{rel}","templated":true}]}}