{"id":36773,"date":"2026-02-24T11:12:28","date_gmt":"2026-02-24T10:12:28","guid":{"rendered":"https:\/\/imprimeideas.es\/?post_type=product&p=36773"},"modified":"2026-02-26T18:08:09","modified_gmt":"2026-02-26T17:08:09","slug":"estuche-kinsy","status":"publish","type":"product","link":"https:\/\/imprimeideas.es\/en\/product\/estuche-kinsy\/","title":{"rendered":"Estuche Kinsy"},"content":{"rendered":"<p>Estuche de l\u00ednea nature en material 100% algod\u00f3n crudo. Con cl\u00e1sico dise\u00f1o cil\u00edndrico, cremallera a juego y pr\u00e1cticas asas para f\u00e1cil apertura.<\/p>","protected":false},"excerpt":{"rendered":"<p>Estuche de l\u00ednea nature en material 100% algod\u00f3n crudo. Con cl\u00e1sico dise\u00f1o cil\u00edndrico, cremallera a juego y pr\u00e1cticas asas para<\/p>","protected":false},"featured_media":65412,"comment_status":"open","ping_status":"open","template":"","meta":{"inline_featured_image":false},"product_brand":[],"product_cat":[100,108],"product_tag":[],"class_list":{"0":"post-36773","1":"product","2":"type-product","3":"status-publish","4":"has-post-thumbnail","6":"product_cat-escritura","7":"product_cat-infantil","9":"first","10":"instock","11":"taxable","12":"shipping-taxable","13":"purchasable","14":"product-type-variable","15":"has-default-attributes"},"aioseo_notices":[],"_links":{"self":[{"href":"https:\/\/imprimeideas.es\/en\/wp-json\/wp\/v2\/product\/36773","targetHints":{"allow":["GET"]}}],"collection":[{"href":"https:\/\/imprimeideas.es\/en\/wp-json\/wp\/v2\/product"}],"about":[{"href":"https:\/\/imprimeideas.es\/en\/wp-json\/wp\/v2\/types\/product"}],"replies":[{"embeddable":true,"href":"https:\/\/imprimeideas.es\/en\/wp-json\/wp\/v2\/comments?post=36773"}],"version-history":[{"count":1,"href":"https:\/\/imprimeideas.es\/en\/wp-json\/wp\/v2\/product\/36773\/revisions"}],"predecessor-version":[{"id":60099,"href":"https:\/\/imprimeideas.es\/en\/wp-json\/wp\/v2\/product\/36773\/revisions\/60099"}],"wp:featuredmedia":[{"embeddable":true,"href":"https:\/\/imprimeideas.es\/en\/wp-json\/wp\/v2\/media\/65412"}],"wp:attachment":[{"href":"https:\/\/imprimeideas.es\/en\/wp-json\/wp\/v2\/media?parent=36773"}],"wp:term":[{"taxonomy":"product_brand","embeddable":true,"href":"https:\/\/imprimeideas.es\/en\/wp-json\/wp\/v2\/product_brand?post=36773"},{"taxonomy":"product_cat","embeddable":true,"href":"https:\/\/imprimeideas.es\/en\/wp-json\/wp\/v2\/product_cat?post=36773"},{"taxonomy":"product_tag","embeddable":true,"href":"https:\/\/imprimeideas.es\/en\/wp-json\/wp\/v2\/product_tag?post=36773"}],"curies":[{"name":"wp","href":"https:\/\/api.w.org\/{rel}","templated":true}]}}