{"id":36760,"date":"2026-02-24T11:12:27","date_gmt":"2026-02-24T10:12:27","guid":{"rendered":"https:\/\/imprimeideas.es\/?post_type=product&p=36760"},"modified":"2026-02-26T18:42:35","modified_gmt":"2026-02-26T17:42:35","slug":"salvamantel-sublimacion-lebron","status":"publish","type":"product","link":"https:\/\/imprimeideas.es\/en\/product\/salvamantel-sublimacion-lebron\/","title":{"rendered":"Salvamantel Sublimaci\u00f3n Lebron"},"content":{"rendered":"<p>Salvamantel de non-woven en color blanco, de 80g\/m2. Especialmente dise\u00f1ado para impresi\u00f3n en sublimaci\u00f3n.<\/p>","protected":false},"excerpt":{"rendered":"<p>Salvamantel de non-woven en color blanco, de 80g\/m2. Especialmente dise\u00f1ado para impresi\u00f3n en sublimaci\u00f3n.<\/p>","protected":false},"featured_media":67911,"comment_status":"open","ping_status":"open","template":"","meta":{"inline_featured_image":false},"product_brand":[],"product_cat":[104,128,115,105],"product_tag":[],"class_list":{"0":"post-36760","1":"product","2":"type-product","3":"status-publish","4":"has-post-thumbnail","6":"product_cat-hogar-y-decoracion","7":"product_cat-outlet","8":"product_cat-sublimacion","9":"product_cat-vino-accesorios-de-bebida-y-hosteleria","11":"first","12":"outofstock","13":"taxable","14":"shipping-taxable","15":"purchasable","16":"product-type-variable","17":"has-default-attributes"},"aioseo_notices":[],"_links":{"self":[{"href":"https:\/\/imprimeideas.es\/en\/wp-json\/wp\/v2\/product\/36760","targetHints":{"allow":["GET"]}}],"collection":[{"href":"https:\/\/imprimeideas.es\/en\/wp-json\/wp\/v2\/product"}],"about":[{"href":"https:\/\/imprimeideas.es\/en\/wp-json\/wp\/v2\/types\/product"}],"replies":[{"embeddable":true,"href":"https:\/\/imprimeideas.es\/en\/wp-json\/wp\/v2\/comments?post=36760"}],"version-history":[{"count":1,"href":"https:\/\/imprimeideas.es\/en\/wp-json\/wp\/v2\/product\/36760\/revisions"}],"predecessor-version":[{"id":60095,"href":"https:\/\/imprimeideas.es\/en\/wp-json\/wp\/v2\/product\/36760\/revisions\/60095"}],"wp:featuredmedia":[{"embeddable":true,"href":"https:\/\/imprimeideas.es\/en\/wp-json\/wp\/v2\/media\/67911"}],"wp:attachment":[{"href":"https:\/\/imprimeideas.es\/en\/wp-json\/wp\/v2\/media?parent=36760"}],"wp:term":[{"taxonomy":"product_brand","embeddable":true,"href":"https:\/\/imprimeideas.es\/en\/wp-json\/wp\/v2\/product_brand?post=36760"},{"taxonomy":"product_cat","embeddable":true,"href":"https:\/\/imprimeideas.es\/en\/wp-json\/wp\/v2\/product_cat?post=36760"},{"taxonomy":"product_tag","embeddable":true,"href":"https:\/\/imprimeideas.es\/en\/wp-json\/wp\/v2\/product_tag?post=36760"}],"curies":[{"name":"wp","href":"https:\/\/api.w.org\/{rel}","templated":true}]}}