{"id":36756,"date":"2026-02-24T11:12:27","date_gmt":"2026-02-24T10:12:27","guid":{"rendered":"https:\/\/imprimeideas.es\/?post_type=product&p=36756"},"modified":"2026-02-26T18:37:27","modified_gmt":"2026-02-26T17:37:27","slug":"delantal-sublimacion-salmux","status":"publish","type":"product","link":"https:\/\/imprimeideas.es\/en\/product\/delantal-sublimacion-salmux\/","title":{"rendered":"Delantal Sublimaci\u00f3n Salmux"},"content":{"rendered":"<p>Delantal especialmente dise\u00f1ado para sublimaci\u00f3n en non-woven de 80g\/m2. Amplia superficie de marcaje 100% personalizable y cintas de ajuste a juego.<\/p>","protected":false},"excerpt":{"rendered":"<p>Delantal especialmente dise\u00f1ado para sublimaci\u00f3n en non-woven de 80g\/m2. Amplia superficie de marcaje 100% personalizable y cintas de ajuste a<\/p>","protected":false},"featured_media":79321,"comment_status":"open","ping_status":"open","template":"","meta":{"inline_featured_image":false},"product_brand":[],"product_cat":[104,115],"product_tag":[],"class_list":{"0":"post-36756","1":"product","2":"type-product","3":"status-publish","4":"has-post-thumbnail","6":"product_cat-hogar-y-decoracion","7":"product_cat-sublimacion","9":"first","10":"instock","11":"taxable","12":"shipping-taxable","13":"purchasable","14":"product-type-variable","15":"has-default-attributes"},"aioseo_notices":[],"_links":{"self":[{"href":"https:\/\/imprimeideas.es\/en\/wp-json\/wp\/v2\/product\/36756","targetHints":{"allow":["GET"]}}],"collection":[{"href":"https:\/\/imprimeideas.es\/en\/wp-json\/wp\/v2\/product"}],"about":[{"href":"https:\/\/imprimeideas.es\/en\/wp-json\/wp\/v2\/types\/product"}],"replies":[{"embeddable":true,"href":"https:\/\/imprimeideas.es\/en\/wp-json\/wp\/v2\/comments?post=36756"}],"version-history":[{"count":1,"href":"https:\/\/imprimeideas.es\/en\/wp-json\/wp\/v2\/product\/36756\/revisions"}],"predecessor-version":[{"id":60093,"href":"https:\/\/imprimeideas.es\/en\/wp-json\/wp\/v2\/product\/36756\/revisions\/60093"}],"wp:featuredmedia":[{"embeddable":true,"href":"https:\/\/imprimeideas.es\/en\/wp-json\/wp\/v2\/media\/79321"}],"wp:attachment":[{"href":"https:\/\/imprimeideas.es\/en\/wp-json\/wp\/v2\/media?parent=36756"}],"wp:term":[{"taxonomy":"product_brand","embeddable":true,"href":"https:\/\/imprimeideas.es\/en\/wp-json\/wp\/v2\/product_brand?post=36756"},{"taxonomy":"product_cat","embeddable":true,"href":"https:\/\/imprimeideas.es\/en\/wp-json\/wp\/v2\/product_cat?post=36756"},{"taxonomy":"product_tag","embeddable":true,"href":"https:\/\/imprimeideas.es\/en\/wp-json\/wp\/v2\/product_tag?post=36756"}],"curies":[{"name":"wp","href":"https:\/\/api.w.org\/{rel}","templated":true}]}}