{"id":36724,"date":"2026-02-24T11:12:24","date_gmt":"2026-02-24T10:12:24","guid":{"rendered":"https:\/\/imprimeideas.es\/?post_type=product&p=36724"},"modified":"2026-02-26T18:19:24","modified_gmt":"2026-02-26T17:19:24","slug":"neceser-viaje-flaut","status":"publish","type":"product","link":"https:\/\/imprimeideas.es\/en\/product\/neceser-viaje-flaut\/","title":{"rendered":"Neceser Viaje Flaut"},"content":{"rendered":"<p>Set neceser de viaje de 5 accesorios en dise\u00f1o transparente. Incluye dos botes para gel y champ\u00fa con tap\u00f3n a rosca, perfumador y dos tarritos para crema. Presentado en estuche de PVC con cierre herm\u00e9tico a juego.<\/p>","protected":false},"excerpt":{"rendered":"<p>5 Accesorios<\/p>","protected":false},"featured_media":77835,"comment_status":"open","ping_status":"open","template":"","meta":{"inline_featured_image":false},"product_brand":[],"product_cat":[103],"product_tag":[],"class_list":{"0":"post-36724","1":"product","2":"type-product","3":"status-publish","4":"has-post-thumbnail","6":"product_cat-viaje","8":"first","9":"instock","10":"taxable","11":"shipping-taxable","12":"purchasable","13":"product-type-variable","14":"has-default-attributes"},"aioseo_notices":[],"_links":{"self":[{"href":"https:\/\/imprimeideas.es\/en\/wp-json\/wp\/v2\/product\/36724","targetHints":{"allow":["GET"]}}],"collection":[{"href":"https:\/\/imprimeideas.es\/en\/wp-json\/wp\/v2\/product"}],"about":[{"href":"https:\/\/imprimeideas.es\/en\/wp-json\/wp\/v2\/types\/product"}],"replies":[{"embeddable":true,"href":"https:\/\/imprimeideas.es\/en\/wp-json\/wp\/v2\/comments?post=36724"}],"version-history":[{"count":1,"href":"https:\/\/imprimeideas.es\/en\/wp-json\/wp\/v2\/product\/36724\/revisions"}],"predecessor-version":[{"id":60085,"href":"https:\/\/imprimeideas.es\/en\/wp-json\/wp\/v2\/product\/36724\/revisions\/60085"}],"wp:featuredmedia":[{"embeddable":true,"href":"https:\/\/imprimeideas.es\/en\/wp-json\/wp\/v2\/media\/77835"}],"wp:attachment":[{"href":"https:\/\/imprimeideas.es\/en\/wp-json\/wp\/v2\/media?parent=36724"}],"wp:term":[{"taxonomy":"product_brand","embeddable":true,"href":"https:\/\/imprimeideas.es\/en\/wp-json\/wp\/v2\/product_brand?post=36724"},{"taxonomy":"product_cat","embeddable":true,"href":"https:\/\/imprimeideas.es\/en\/wp-json\/wp\/v2\/product_cat?post=36724"},{"taxonomy":"product_tag","embeddable":true,"href":"https:\/\/imprimeideas.es\/en\/wp-json\/wp\/v2\/product_tag?post=36724"}],"curies":[{"name":"wp","href":"https:\/\/api.w.org\/{rel}","templated":true}]}}