{"id":36708,"date":"2026-02-24T11:12:23","date_gmt":"2026-02-24T10:12:23","guid":{"rendered":"https:\/\/imprimeideas.es\/?post_type=product&p=36708"},"modified":"2026-02-26T18:23:19","modified_gmt":"2026-02-26T17:23:19","slug":"set-vinos-kazan","status":"publish","type":"product","link":"https:\/\/imprimeideas.es\/en\/product\/set-vinos-kazan\/","title":{"rendered":"Set Vinos Kazan"},"content":{"rendered":"<p>Original set de vinos con sacacorchos en forma de botella de vino y tap\u00f3n con bomba de vac\u00edo. Presentado en estuche individual de cart\u00f3n negro con interior en suave espuma troquelada.<\/p>","protected":false},"excerpt":{"rendered":"<p>2 Accesorios<\/p>","protected":false},"featured_media":67067,"comment_status":"open","ping_status":"open","template":"","meta":{"inline_featured_image":false},"product_brand":[],"product_cat":[105],"product_tag":[],"class_list":{"0":"post-36708","1":"product","2":"type-product","3":"status-publish","4":"has-post-thumbnail","6":"product_cat-vino-accesorios-de-bebida-y-hosteleria","8":"first","9":"instock","10":"taxable","11":"shipping-taxable","12":"purchasable","13":"product-type-variable","14":"has-default-attributes"},"aioseo_notices":[],"_links":{"self":[{"href":"https:\/\/imprimeideas.es\/en\/wp-json\/wp\/v2\/product\/36708","targetHints":{"allow":["GET"]}}],"collection":[{"href":"https:\/\/imprimeideas.es\/en\/wp-json\/wp\/v2\/product"}],"about":[{"href":"https:\/\/imprimeideas.es\/en\/wp-json\/wp\/v2\/types\/product"}],"replies":[{"embeddable":true,"href":"https:\/\/imprimeideas.es\/en\/wp-json\/wp\/v2\/comments?post=36708"}],"version-history":[{"count":1,"href":"https:\/\/imprimeideas.es\/en\/wp-json\/wp\/v2\/product\/36708\/revisions"}],"predecessor-version":[{"id":60082,"href":"https:\/\/imprimeideas.es\/en\/wp-json\/wp\/v2\/product\/36708\/revisions\/60082"}],"wp:featuredmedia":[{"embeddable":true,"href":"https:\/\/imprimeideas.es\/en\/wp-json\/wp\/v2\/media\/67067"}],"wp:attachment":[{"href":"https:\/\/imprimeideas.es\/en\/wp-json\/wp\/v2\/media?parent=36708"}],"wp:term":[{"taxonomy":"product_brand","embeddable":true,"href":"https:\/\/imprimeideas.es\/en\/wp-json\/wp\/v2\/product_brand?post=36708"},{"taxonomy":"product_cat","embeddable":true,"href":"https:\/\/imprimeideas.es\/en\/wp-json\/wp\/v2\/product_cat?post=36708"},{"taxonomy":"product_tag","embeddable":true,"href":"https:\/\/imprimeideas.es\/en\/wp-json\/wp\/v2\/product_tag?post=36708"}],"curies":[{"name":"wp","href":"https:\/\/api.w.org\/{rel}","templated":true}]}}