{"id":36706,"date":"2026-02-24T11:12:23","date_gmt":"2026-02-24T10:12:23","guid":{"rendered":"https:\/\/imprimeideas.es\/?post_type=product&p=36706"},"modified":"2026-02-26T18:42:39","modified_gmt":"2026-02-26T17:42:39","slug":"set-vinos-boriax","status":"publish","type":"product","link":"https:\/\/imprimeideas.es\/en\/product\/set-vinos-boriax\/","title":{"rendered":"Set Vinos Boriax"},"content":{"rendered":"<p>Set de vinos premium acabado en madera bamb\u00fa. Accesorios de acero inox. Incluye sacacorchos, cortac\u00e1psulas, tap\u00f3n, dosificador y recogegotas. Presentado en estuche individual de madera de bamb\u00fa, con compartimento interior para botella de vino -no incluida-.<\/p>","protected":false},"excerpt":{"rendered":"<p>4 Accesorios<\/p>","protected":false},"featured_media":73161,"comment_status":"open","ping_status":"open","template":"","meta":{"inline_featured_image":false},"product_brand":[],"product_cat":[122,105],"product_tag":[],"class_list":{"0":"post-36706","1":"product","2":"type-product","3":"status-publish","4":"has-post-thumbnail","6":"product_cat-articulos-sostenibles","7":"product_cat-vino-accesorios-de-bebida-y-hosteleria","9":"first","10":"instock","11":"taxable","12":"shipping-taxable","13":"purchasable","14":"product-type-variable","15":"has-default-attributes"},"aioseo_notices":[],"_links":{"self":[{"href":"https:\/\/imprimeideas.es\/en\/wp-json\/wp\/v2\/product\/36706","targetHints":{"allow":["GET"]}}],"collection":[{"href":"https:\/\/imprimeideas.es\/en\/wp-json\/wp\/v2\/product"}],"about":[{"href":"https:\/\/imprimeideas.es\/en\/wp-json\/wp\/v2\/types\/product"}],"replies":[{"embeddable":true,"href":"https:\/\/imprimeideas.es\/en\/wp-json\/wp\/v2\/comments?post=36706"}],"version-history":[{"count":1,"href":"https:\/\/imprimeideas.es\/en\/wp-json\/wp\/v2\/product\/36706\/revisions"}],"predecessor-version":[{"id":60081,"href":"https:\/\/imprimeideas.es\/en\/wp-json\/wp\/v2\/product\/36706\/revisions\/60081"}],"wp:featuredmedia":[{"embeddable":true,"href":"https:\/\/imprimeideas.es\/en\/wp-json\/wp\/v2\/media\/73161"}],"wp:attachment":[{"href":"https:\/\/imprimeideas.es\/en\/wp-json\/wp\/v2\/media?parent=36706"}],"wp:term":[{"taxonomy":"product_brand","embeddable":true,"href":"https:\/\/imprimeideas.es\/en\/wp-json\/wp\/v2\/product_brand?post=36706"},{"taxonomy":"product_cat","embeddable":true,"href":"https:\/\/imprimeideas.es\/en\/wp-json\/wp\/v2\/product_cat?post=36706"},{"taxonomy":"product_tag","embeddable":true,"href":"https:\/\/imprimeideas.es\/en\/wp-json\/wp\/v2\/product_tag?post=36706"}],"curies":[{"name":"wp","href":"https:\/\/api.w.org\/{rel}","templated":true}]}}