{"id":36701,"date":"2026-02-24T11:12:23","date_gmt":"2026-02-24T10:12:23","guid":{"rendered":"https:\/\/imprimeideas.es\/?post_type=product&p=36701"},"modified":"2026-02-26T18:08:15","modified_gmt":"2026-02-26T17:08:15","slug":"set-vinos-bribal","status":"publish","type":"product","link":"https:\/\/imprimeideas.es\/en\/product\/set-vinos-bribal\/","title":{"rendered":"Set Vinos Bribal"},"content":{"rendered":"<p>Set de vinos de elegante dise\u00f1o circular con acabado en corcho natural. Accesorios de acero inox, incluye sacacorchos de 2 tiempos con cortac\u00e1psulas y abridor, tap\u00f3n, dosificador y recogegotas. Presentado en estuche individual de corcho con interior en suave espuma troquelada de color beige.<\/p>","protected":false},"excerpt":{"rendered":"<p>4 Accesorios<\/p>","protected":false},"featured_media":64810,"comment_status":"open","ping_status":"open","template":"","meta":{"inline_featured_image":false},"product_brand":[],"product_cat":[122,105],"product_tag":[],"class_list":{"0":"post-36701","1":"product","2":"type-product","3":"status-publish","4":"has-post-thumbnail","6":"product_cat-articulos-sostenibles","7":"product_cat-vino-accesorios-de-bebida-y-hosteleria","9":"first","10":"instock","11":"taxable","12":"shipping-taxable","13":"purchasable","14":"product-type-variable","15":"has-default-attributes"},"aioseo_notices":[],"_links":{"self":[{"href":"https:\/\/imprimeideas.es\/en\/wp-json\/wp\/v2\/product\/36701","targetHints":{"allow":["GET"]}}],"collection":[{"href":"https:\/\/imprimeideas.es\/en\/wp-json\/wp\/v2\/product"}],"about":[{"href":"https:\/\/imprimeideas.es\/en\/wp-json\/wp\/v2\/types\/product"}],"replies":[{"embeddable":true,"href":"https:\/\/imprimeideas.es\/en\/wp-json\/wp\/v2\/comments?post=36701"}],"version-history":[{"count":1,"href":"https:\/\/imprimeideas.es\/en\/wp-json\/wp\/v2\/product\/36701\/revisions"}],"predecessor-version":[{"id":60079,"href":"https:\/\/imprimeideas.es\/en\/wp-json\/wp\/v2\/product\/36701\/revisions\/60079"}],"wp:featuredmedia":[{"embeddable":true,"href":"https:\/\/imprimeideas.es\/en\/wp-json\/wp\/v2\/media\/64810"}],"wp:attachment":[{"href":"https:\/\/imprimeideas.es\/en\/wp-json\/wp\/v2\/media?parent=36701"}],"wp:term":[{"taxonomy":"product_brand","embeddable":true,"href":"https:\/\/imprimeideas.es\/en\/wp-json\/wp\/v2\/product_brand?post=36701"},{"taxonomy":"product_cat","embeddable":true,"href":"https:\/\/imprimeideas.es\/en\/wp-json\/wp\/v2\/product_cat?post=36701"},{"taxonomy":"product_tag","embeddable":true,"href":"https:\/\/imprimeideas.es\/en\/wp-json\/wp\/v2\/product_tag?post=36701"}],"curies":[{"name":"wp","href":"https:\/\/api.w.org\/{rel}","templated":true}]}}