{"id":36699,"date":"2026-02-24T11:12:22","date_gmt":"2026-02-24T10:12:22","guid":{"rendered":"https:\/\/imprimeideas.es\/?post_type=product&p=36699"},"modified":"2026-02-26T18:19:35","modified_gmt":"2026-02-26T17:19:35","slug":"tapon-bomba-vacio-hoxmar","status":"publish","type":"product","link":"https:\/\/imprimeideas.es\/en\/product\/tapon-bomba-vacio-hoxmar\/","title":{"rendered":"Tap\u00f3n Bomba Vacio Hoxmar"},"content":{"rendered":"<p>Tap\u00f3n con bomba de vac\u00edo para botellas de vino en elegante dise\u00f1o de color negro. Parte superior del tap\u00f3n para marcaje en tampograf\u00eda. Presentado en caja individual.<\/p>","protected":false},"excerpt":{"rendered":"<p>Tap\u00f3n con bomba de vac\u00edo para botellas de vino en elegante dise\u00f1o de color negro. Parte superior del tap\u00f3n para<\/p>","protected":false},"featured_media":69127,"comment_status":"open","ping_status":"open","template":"","meta":{"inline_featured_image":false},"product_brand":[],"product_cat":[105],"product_tag":[],"class_list":{"0":"post-36699","1":"product","2":"type-product","3":"status-publish","4":"has-post-thumbnail","6":"product_cat-vino-accesorios-de-bebida-y-hosteleria","8":"first","9":"outofstock","10":"taxable","11":"shipping-taxable","12":"purchasable","13":"product-type-variable","14":"has-default-attributes"},"aioseo_notices":[],"_links":{"self":[{"href":"https:\/\/imprimeideas.es\/en\/wp-json\/wp\/v2\/product\/36699","targetHints":{"allow":["GET"]}}],"collection":[{"href":"https:\/\/imprimeideas.es\/en\/wp-json\/wp\/v2\/product"}],"about":[{"href":"https:\/\/imprimeideas.es\/en\/wp-json\/wp\/v2\/types\/product"}],"replies":[{"embeddable":true,"href":"https:\/\/imprimeideas.es\/en\/wp-json\/wp\/v2\/comments?post=36699"}],"version-history":[{"count":1,"href":"https:\/\/imprimeideas.es\/en\/wp-json\/wp\/v2\/product\/36699\/revisions"}],"predecessor-version":[{"id":60078,"href":"https:\/\/imprimeideas.es\/en\/wp-json\/wp\/v2\/product\/36699\/revisions\/60078"}],"wp:featuredmedia":[{"embeddable":true,"href":"https:\/\/imprimeideas.es\/en\/wp-json\/wp\/v2\/media\/69127"}],"wp:attachment":[{"href":"https:\/\/imprimeideas.es\/en\/wp-json\/wp\/v2\/media?parent=36699"}],"wp:term":[{"taxonomy":"product_brand","embeddable":true,"href":"https:\/\/imprimeideas.es\/en\/wp-json\/wp\/v2\/product_brand?post=36699"},{"taxonomy":"product_cat","embeddable":true,"href":"https:\/\/imprimeideas.es\/en\/wp-json\/wp\/v2\/product_cat?post=36699"},{"taxonomy":"product_tag","embeddable":true,"href":"https:\/\/imprimeideas.es\/en\/wp-json\/wp\/v2\/product_tag?post=36699"}],"curies":[{"name":"wp","href":"https:\/\/api.w.org\/{rel}","templated":true}]}}