{"id":36689,"date":"2026-02-24T11:12:22","date_gmt":"2026-02-24T10:12:22","guid":{"rendered":"https:\/\/imprimeideas.es\/?post_type=product&p=36689"},"modified":"2026-02-26T18:27:53","modified_gmt":"2026-02-26T17:27:53","slug":"altavoz-stockel","status":"publish","type":"product","link":"https:\/\/imprimeideas.es\/en\/product\/altavoz-stockel\/","title":{"rendered":"Altavoz Stockel"},"content":{"rendered":"<p>Altavoz de Tecnolog\u00eda Led Inteligente y conexi\u00f3n Bluetooth. 3W de potencia, con ranura USB para reproducir m\u00fasica desde unidad externa y funci\u00f3n manos libres. Ranura para tarjetas micro SD de hasta 32 GB de capacidad, entrada auxiliar de l\u00ednea mediante conexi\u00f3n jack de 3,5mm y base antideslizante. Radio FM, con luz multicolor, recargable mediante cable USB -incluido- y presentado en una atractiva caja de dise\u00f1o.<\/p>","protected":false},"excerpt":{"rendered":"<p>Ledes Inteligentes Multicolor. 3 Posiciones de Luz. Conexi\u00f3n Bluetooth. Potencia Sonido 3W. Bater\u00eda 300 mAh<\/p>","protected":false},"featured_media":73425,"comment_status":"open","ping_status":"open","template":"","meta":{"inline_featured_image":false},"product_brand":[],"product_cat":[95],"product_tag":[],"class_list":{"0":"post-36689","1":"product","2":"type-product","3":"status-publish","4":"has-post-thumbnail","6":"product_cat-tecnologia-y-accesorios","8":"first","9":"instock","10":"taxable","11":"shipping-taxable","12":"purchasable","13":"product-type-variable","14":"has-default-attributes"},"aioseo_notices":[],"_links":{"self":[{"href":"https:\/\/imprimeideas.es\/en\/wp-json\/wp\/v2\/product\/36689","targetHints":{"allow":["GET"]}}],"collection":[{"href":"https:\/\/imprimeideas.es\/en\/wp-json\/wp\/v2\/product"}],"about":[{"href":"https:\/\/imprimeideas.es\/en\/wp-json\/wp\/v2\/types\/product"}],"replies":[{"embeddable":true,"href":"https:\/\/imprimeideas.es\/en\/wp-json\/wp\/v2\/comments?post=36689"}],"version-history":[{"count":1,"href":"https:\/\/imprimeideas.es\/en\/wp-json\/wp\/v2\/product\/36689\/revisions"}],"predecessor-version":[{"id":60074,"href":"https:\/\/imprimeideas.es\/en\/wp-json\/wp\/v2\/product\/36689\/revisions\/60074"}],"wp:featuredmedia":[{"embeddable":true,"href":"https:\/\/imprimeideas.es\/en\/wp-json\/wp\/v2\/media\/73425"}],"wp:attachment":[{"href":"https:\/\/imprimeideas.es\/en\/wp-json\/wp\/v2\/media?parent=36689"}],"wp:term":[{"taxonomy":"product_brand","embeddable":true,"href":"https:\/\/imprimeideas.es\/en\/wp-json\/wp\/v2\/product_brand?post=36689"},{"taxonomy":"product_cat","embeddable":true,"href":"https:\/\/imprimeideas.es\/en\/wp-json\/wp\/v2\/product_cat?post=36689"},{"taxonomy":"product_tag","embeddable":true,"href":"https:\/\/imprimeideas.es\/en\/wp-json\/wp\/v2\/product_tag?post=36689"}],"curies":[{"name":"wp","href":"https:\/\/api.w.org\/{rel}","templated":true}]}}